{"id":1980,"date":"2021-05-07T21:06:24","date_gmt":"2021-05-07T19:06:24","guid":{"rendered":"https:\/\/visaforgermany.de\/mehr-ueber-uns\/"},"modified":"2025-06-27T15:28:53","modified_gmt":"2025-06-27T13:28:53","slug":"ueber-uns","status":"publish","type":"page","link":"https:\/\/visaforgermany.de\/de\/ueber-uns\/","title":{"rendered":"\u00dcBER UNS"},"content":{"rendered":"<section class=\"wpb-content-wrapper\"><p>[vc_row css=&#8220;.vc_custom_1481236650908{margin-top: 100px !important;margin-bottom: 100px !important;}&#8220;][vc_column width=&#8220;1\/2&#8243; css=&#8220;.vc_custom_1476030875969{padding-right: 20px !important;}&#8220;][vc_column_text]<\/p>\n<h5>UNSERE WERTE<\/h5>\n<p>Wir setzen uns f\u00fcr eine offene und freie Welt f\u00fcr alle ein, unabh\u00e4ngig von ethnischer Herkunft und Nationalit\u00e4t, Geschlecht, Rasse, Religion oder anderen Vorurteilen. Wir rei\u00dfen Grenzen ein, \u00fcberwinden Hindernisse und bek\u00e4mpfen B\u00fcrokratie.[\/vc_column_text][\/vc_column][vc_column width=&#8220;1\/2&#8243; css=&#8220;.vc_custom_1476030881601{padding-left: 20px !important;}&#8220;]<div class=\"ult-spacer spacer-69d5d49bccb90\" data-id=\"69d5d49bccb90\" data-height=\"0\" data-height-mobile=\"40\" data-height-tab=\"\" data-height-tab-portrait=\"\" data-height-mobile-landscape=\"40\" style=\"clear:both;display:block;\"><\/div>[vc_column_text]<\/p>\n<h5>UNSERE MISSION<\/h5>\n<p>Wir wollen verstaubte Beh\u00f6rden aufr\u00fctteln. Verfahren sollten einfach, schnell und unb\u00fcrokratisch sein. Unsere Mission ist es, unseren Kunden die Arbeit abzunehmen und sie ihnen nicht wieder aufzub\u00fcrden. Daf\u00fcr stehen wir mit pers\u00f6nlichem Kontakt zur Verf\u00fcgung, immer.[\/vc_column_text][\/vc_column][\/vc_row][vc_row bg_type=&#8220;image&#8220; parallax_style=&#8220;vcpb-default&#8220; bg_image_new=&#8220;id^381|url^https:\/\/visaforgermany.de\/wp-content\/uploads\/2021\/05\/webdevelopment.jpeg|caption^null|alt^null|title^webdevelopment|description^null&#8220; bg_image_repeat=&#8220;no-repeat&#8220; bg_override=&#8220;ex-full&#8220; css=&#8220;.vc_custom_1620422112209{margin-top: 80px !important;padding-top: 150px !important;padding-bottom: 150px !important;}&#8220;][vc_column width=&#8220;2\/3&#8243;][\/vc_column][vc_column width=&#8220;1\/3&#8243;][vc_custom_heading text=&#8220;UM ES AUF DEN PUNKT ZU BRINGEN&#8220; font_container=&#8220;tag:h2|font_size:45px|text_align:left|color:%23ffffff|line_height:50px&#8220; use_theme_fonts=&#8220;yes&#8220;][vc_column_text]<span style=\"color: #ffffff; font-size: 15px; line-height: 24px;\">Wir sind hier, um IHNEN zu helfen. Ob Arbeitgeber oder Arbeitnehmer, Student oder Familiennachzug. Wir helfen schnell, unkompliziert und kosteng\u00fcnstig.<\/span>[\/vc_column_text][vc_empty_space height=&#8220;5px&#8220;][\/vc_column][\/vc_row][vc_row full_width=&#8220;stretch_row_content&#8220; css=&#8220;.vc_custom_1481236723760{padding-top: 120px !important;padding-bottom: 80px !important;}&#8220;][vc_column][vc_row_inner css=&#8220;.vc_custom_1462898611266{margin-bottom: 40px !important;}&#8220;][vc_column_inner width=&#8220;1\/3&#8243;]<div class=\"aio-icon-component    style_1\"><div id=\"Info-box-wrap-9317\" class=\"aio-icon-box top-icon\" style=\"\"  ><div class=\"aio-icon-top\"><div class=\"ult-just-icon-wrapper  \"><div class=\"align-icon\" style=\"text-align:center;\">\n<div class=\"aio-icon none \"  style=\"font-size:50px;display:inline-block;\">\n\t<i class=\"linearicons-power\"><\/i>\n<\/div><\/div><\/div><\/div><div class=\"aio-icon-header\" ><h3 class=\"aio-icon-title ult-responsive\"  data-ultimate-target='#Info-box-wrap-9317 .aio-icon-title'  data-responsive-json-new='{\"font-size\":\"desktop:12px;\",\"line-height\":\"\"}'  style=\"font-family:&#039;Lato&#039;;font-weight:700;\">WIE UND WAS WIR TUN<\/h3><\/div> <!-- header --><div class=\"aio-icon-description ult-responsive\"  data-ultimate-target='#Info-box-wrap-9317 .aio-icon-description'  data-responsive-json-new='{\"font-size\":\"desktop:15px;\",\"line-height\":\"desktop:24px;\"}'  style=\"\"><\/p>\n<p style=\"text-align: left;\">Wie Sie, wollen wir, dass es funktioniert. Schnell. Einfach. Reibungslos. Aber wir haben erkannt, dass es durch b\u00fcrokratische Abl\u00e4ufe meist umst\u00e4ndlicher ist, als es sein sollte.<\/p>\n<p style=\"text-align: left;\">Wir wollen daher einen einfachen Prozess bieten, f\u00fcr alle, die sich nicht von Grenzen stoppen lassen wollen, sondern enthusiastisch Herausforderungen und einem neuen Lebensabschnitt entgegensehen. Entdecker, Gr\u00fcnder, Pioniere \u2013 sie zu unterst\u00fctzen, ist unsere Bestimmung. Eine klare Guideline, konkrete Handlungsempfehlungen und eine zielgerichtete Handlungsweise \u2013 daf\u00fcr stehen wir ein.<\/p>\n<p style=\"text-align: left;\">Kurzfristiger Aufenthalt oder dauerhafter Umzug nach Deutschland? Wir unterst\u00fctzen Sie bei allen beruflichen oder privaten Belangen. Wir beraten Sie bei der erstmaligen Beantragung eines Visums zur Einreise nach Deutschland und ebenfalls bei der Verl\u00e4ngerung ihres Aufenthaltstitels nach der Einreise in Deutschland. Gerne stehen wir Ihnen auch zur Verf\u00fcgung, sofern Sie eine Begleitung bei Beh\u00f6rdeng\u00e4ngen, Beratungsleistungen beim Abschluss erforderlicher Versicherungen oder der Er\u00f6ffnung eines Bankkontos in Deutschland ben\u00f6tigen. Hierzu greifen wir auf die langj\u00e4hrige Zusammenarbeit mit zertifizierten und unabh\u00e4ngigen Beratern zur\u00fcck.<\/p>\n<p><\/div> <!-- description --><\/div> <!-- aio-icon-box --><\/div> <!-- aio-icon-component -->[\/vc_column_inner][vc_column_inner width=&#8220;1\/3&#8243;]<div class=\"ult-spacer spacer-69d5d49bccf44\" data-id=\"69d5d49bccf44\" data-height=\"0\" data-height-mobile=\"40\" data-height-tab=\"\" data-height-tab-portrait=\"\" data-height-mobile-landscape=\"40\" style=\"clear:both;display:block;\"><\/div><div class=\"aio-icon-component    style_1\"><div id=\"Info-box-wrap-9819\" class=\"aio-icon-box top-icon\" style=\"\"  ><div class=\"aio-icon-top\"><div class=\"ult-just-icon-wrapper  \"><div class=\"align-icon\" style=\"text-align:center;\">\n<div class=\"aio-icon none \"  style=\"font-size:50px;display:inline-block;\">\n\t<i class=\"linearicons-users\"><\/i>\n<\/div><\/div><\/div><\/div><div class=\"aio-icon-header\" ><h3 class=\"aio-icon-title ult-responsive\"  data-ultimate-target='#Info-box-wrap-9819 .aio-icon-title'  data-responsive-json-new='{\"font-size\":\"desktop:12px;\",\"line-height\":\"\"}'  style=\"font-family:&#039;Lato&#039;;font-weight:700;\">\u00dcBER UNS<\/h3><\/div> <!-- header --><div class=\"aio-icon-description ult-responsive\"  data-ultimate-target='#Info-box-wrap-9819 .aio-icon-description'  data-responsive-json-new='{\"font-size\":\"desktop:15px;\",\"line-height\":\"desktop:24px;\"}'  style=\"\"><\/p>\n<p style=\"text-align: left;\">Daniel, Gr\u00fcnder von VISALABS, hat mehrere Jahre Erfahrung im Bereich des Aufenthaltsrechts zu Besch\u00e4ftigungszwecken in internationalen Wirtschaftskanzleien sammeln k\u00f6nnen, bevor er beschloss, etwas Neues zu versuchen. Durch seine Erfahrungen und pers\u00f6nliche Kontakte in Ausl\u00e4nderbeh\u00f6rden in Deutschland und Botschaften im Ausland ist es VISALABS m\u00f6glich, die erforderlichen Verfahrensschritte z\u00fcgiger abzuschlie\u00dfen und notfalls konstruktive L\u00f6sungen zu finden. Daniel ist Rechtsanwalt, spezialisiert auf Aufenthaltsrecht und Arbeitsrecht und daher hervorragend geeignet, um auch die Bed\u00fcrfnisse von ArbeitgeberInnen und ArbeitnehmerInnen zu erkennen.<\/p>\n<p style=\"text-align: left;\">Unser Team umfasst zudem Rechtsanw\u00e4lte, die einschl\u00e4gige Erfahrung im Asylrecht und Unternehmensrecht haben, wirtschaftliche Berater f\u00fcr alle Belange der Absicherung und Vorsorge, Verwaltungsfachkr\u00e4fte, Designer und Herzensmenschen, die sich f\u00fcr die gute Sache einsetzen.<\/p>\n<p><\/div> <!-- description --><\/div> <!-- aio-icon-box --><\/div> <!-- aio-icon-component -->[\/vc_column_inner][vc_column_inner width=&#8220;1\/3&#8243;]<div class=\"ult-spacer spacer-69d5d49bcd02b\" data-id=\"69d5d49bcd02b\" data-height=\"0\" data-height-mobile=\"40\" data-height-tab=\"\" data-height-tab-portrait=\"\" data-height-mobile-landscape=\"40\" style=\"clear:both;display:block;\"><\/div><div class=\"aio-icon-component    style_1\"><div id=\"Info-box-wrap-4052\" class=\"aio-icon-box top-icon\" style=\"\"  ><div class=\"aio-icon-top\"><div class=\"ult-just-icon-wrapper  \"><div class=\"align-icon\" style=\"text-align:center;\">\n<div class=\"aio-icon none \"  style=\"font-size:50px;display:inline-block;\">\n\t<i class=\"Defaults-heart-o\"><\/i>\n<\/div><\/div><\/div><\/div><div class=\"aio-icon-header\" ><h3 class=\"aio-icon-title ult-responsive\"  data-ultimate-target='#Info-box-wrap-4052 .aio-icon-title'  data-responsive-json-new='{\"font-size\":\"desktop:12px;\",\"line-height\":\"\"}'  style=\"font-family:&#039;Lato&#039;;font-weight:700;\">ANTRAGSPORTAL<\/h3><\/div> <!-- header --><div class=\"aio-icon-description ult-responsive\"  data-ultimate-target='#Info-box-wrap-4052 .aio-icon-description'  data-responsive-json-new='{\"font-size\":\"desktop:15px;\",\"line-height\":\"desktop:24px;\"}'  style=\"\"><\/p>\n<p style=\"text-align: left;\">Durch unser intuitives Antragsportal f\u00fcr Arbeitgeber und Arbeitnehmer k\u00f6nnen wir die erforderlichen Antragsunterlagen sammeln, bearbeiten und versenden. Dadurch vermeiden wir l\u00e4stiges E-Mail-Ping-Pong, beschleunigen das Verfahren und vereinfachen Prozesse. Lassen Sie sich hiervon in einer <a href=\"https:\/\/calendly.com\/visalabs\/demo\">kostenlosen Vorf\u00fchrung<\/a> \u00fcberzeugen!<\/p>\n<p><\/div> <!-- description --><\/div> <!-- aio-icon-box --><\/div> <!-- aio-icon-component -->[vc_single_image image=&#8220;2501&#8243; img_size=&#8220;large&#8220;][\/vc_column_inner][\/vc_row_inner][\/vc_column][\/vc_row][vc_row disable_element=&#8220;yes&#8220; bg_type=&#8220;grad&#8220; bg_override=&#8220;ex-full&#8220; css=&#8220;.vc_custom_1707264076799{margin-top: 0px !important;margin-bottom: 0px !important;padding-top: 80px !important;padding-bottom: 80px !important;}&#8220; bg_grad=&#8220;background: -webkit-gradient(linear, left top, left bottom, color-stop(0%, #F0F0F0), color-stop(100%, #FFFFFF));background: -moz-linear-gradient(top,#F0F0F0 0%,#FFFFFF 100%);background: -webkit-linear-gradient(top,#F0F0F0 0%,#FFFFFF 100%);background: -o-linear-gradient(top,#F0F0F0 0%,#FFFFFF 100%);background: -ms-linear-gradient(top,#F0F0F0 0%,#FFFFFF 100%);background: linear-gradient(top,#F0F0F0 0%,#FFFFFF 100%);&#8220;][vc_column][vc_custom_heading text=&#8220;IHRE UNTERST\u00dcTZUNG &#8211; UNSER AUFTRAG&#8220; font_container=&#8220;tag:h2|text_align:center&#8220; use_theme_fonts=&#8220;yes&#8220;][vc_empty_space height=&#8220;40px&#8220;]<div class=\"ult-ih-container ult-adjust-bottom-margin  \" >\t<ul class=\"ult-ih-list \"  data-shape=\"square\"  data-width=\"200\"  data-height=\"200\"  style=\"text-align:center; \"><li id=\"ult-ih-list-item-4720\" class=\"ult-ih-list-item\" style=\"height: 200px; width: 200px;  margin: 15px\"><div style=\"height: 200px; width: 200px; \" class=\"ult-ih-item ult-ih-effect3  ult-ih-right_to_left   \"><div class=\"ult-ih-image-block\" style=\"height: 200px; width: 200px; \">\t<div class=\"ult-ih-wrapper\" style=\"border-style: solid; border-color: rgba(255,255,255,0.2); border-width: 10px;\"><\/div>\t<img decoding=\"async\" class=\"ult-ih-image\" src=\"https:\/\/visaforgermany.de\/wp-content\/uploads\/2023\/05\/NEI2.png\" alt=\"null\"><\/div><div class=\"ult-ih-info\" style=\"background-color: __USE_THEME_MAIN_COLOR__; \">\t<div class=\"ult-ih-info-back\">\t<div class=\"ult-ih-content\">\t\t\t<div class=\"ult-ih-heading-block\" style=\"\">\t\t\t\t<h3 class=\"ult-ih-heading ult-responsive\" style=\"color:#ffffff;\"  data-ultimate-target='#ult-ih-list-item-4720 .ult-ih-heading'  data-responsive-json-new='{\"font-size\":\"desktop:22px;\",\"line-height\":\"desktop:28px;\"}' >DANIEL DIRMEIER<\/h3>\t\t\t<\/div>\t\t\t<div class=\"ult-ih-divider-block\" style=\"height:1px;\">\t\t\t\t<span class=\"ult-ih-line\" style=\"border-style:solid;border-color:rgba(255,255,255,0.75);width:100px;border-width:1px;\"><\/span>\t\t\t<\/div>\t\t\t<div class=\"ult-ih-description-block\" style=\"\">\t\t\t\t<div class=\"ult-ih-description ult-responsive\" style=\"color:#ffffff;\"  data-ultimate-target='#ult-ih-list-item-4720 .ult-ih-description, #ult-ih-list-item-4720 .ult-ih-description p'  data-responsive-json-new='{\"font-size\":\"desktop:12px;\",\"line-height\":\"desktop:18px;\"}' ><p>Der Rechtsanwalt<\/p>\n\t\t\t\t<\/div>\t\t\t<\/div>\t<\/div>\t<\/div><\/div><\/div><\/li><li id=\"ult-ih-list-item-5146\" class=\"ult-ih-list-item\" style=\"height: 200px; width: 200px;  margin: 15px\"><div style=\"height: 200px; width: 200px; \" class=\"ult-ih-item ult-ih-effect3  ult-ih-right_to_left   \"><div class=\"ult-ih-image-block\" style=\"height: 200px; width: 200px; \">\t<div class=\"ult-ih-wrapper\" style=\"border-style: solid; border-color: rgba(255,255,255,0.2); border-width: 10px;\"><\/div>\t<img decoding=\"async\" class=\"ult-ih-image\" src=\"https:\/\/visaforgermany.de\/wp-content\/uploads\/2023\/05\/WhatsApp-Bild-2023-05-28-um-20.54.21.jpg\" alt=\"null\"><\/div><div class=\"ult-ih-info\" style=\"background-color: __USE_THEME_MAIN_COLOR__; \">\t<div class=\"ult-ih-info-back\">\t<div class=\"ult-ih-content\">\t\t\t<div class=\"ult-ih-heading-block\" style=\"\">\t\t\t\t<h3 class=\"ult-ih-heading ult-responsive\" style=\"color:#ffffff;\"  data-ultimate-target='#ult-ih-list-item-5146 .ult-ih-heading'  data-responsive-json-new='{\"font-size\":\"desktop:22px;\",\"line-height\":\"desktop:28px;\"}' >DANIEL BOSSENZ<\/h3>\t\t\t<\/div>\t\t\t<div class=\"ult-ih-divider-block\" style=\"height:1px;\">\t\t\t\t<span class=\"ult-ih-line\" style=\"border-style:solid;border-color:rgba(255,255,255,0.75);width:100px;border-width:1px;\"><\/span>\t\t\t<\/div>\t\t\t<div class=\"ult-ih-description-block\" style=\"\">\t\t\t\t<div class=\"ult-ih-description ult-responsive\" style=\"color:#ffffff;\"  data-ultimate-target='#ult-ih-list-item-5146 .ult-ih-description, #ult-ih-list-item-5146 .ult-ih-description p'  data-responsive-json-new='{\"font-size\":\"desktop:12px;\",\"line-height\":\"desktop:18px;\"}' ><p>Der Berater<\/p>\n\t\t\t\t<\/div>\t\t\t<\/div>\t<\/div>\t<\/div><\/div><\/div><\/li><li id=\"ult-ih-list-item-6682\" class=\"ult-ih-list-item\" style=\"height: 200px; width: 200px;  margin: 15px\"><div style=\"height: 200px; width: 200px; \" class=\"ult-ih-item ult-ih-effect3  ult-ih-right_to_left   \"><div class=\"ult-ih-image-block\" style=\"height: 200px; width: 200px; \">\t<div class=\"ult-ih-wrapper\" style=\"border-style: solid; border-color: rgba(255,255,255,0.2); border-width: 10px;\"><\/div>\t<img decoding=\"async\" class=\"ult-ih-image\" src=\"https:\/\/visaforgermany.de\/wp-content\/uploads\/2023\/05\/Nero.jpg\" alt=\"null\"><\/div><div class=\"ult-ih-info\" style=\"background-color: __USE_THEME_MAIN_COLOR__; \">\t<div class=\"ult-ih-info-back\">\t<div class=\"ult-ih-content\">\t\t\t<div class=\"ult-ih-heading-block\" style=\"\">\t\t\t\t<h3 class=\"ult-ih-heading ult-responsive\" style=\"color:#ffffff;\"  data-ultimate-target='#ult-ih-list-item-6682 .ult-ih-heading'  data-responsive-json-new='{\"font-size\":\"desktop:22px;\",\"line-height\":\"desktop:28px;\"}' >NERO<\/h3>\t\t\t<\/div>\t\t\t<div class=\"ult-ih-divider-block\" style=\"height:1px;\">\t\t\t\t<span class=\"ult-ih-line\" style=\"border-style:solid;border-color:rgba(255,255,255,0.75);width:100px;border-width:1px;\"><\/span>\t\t\t<\/div>\t\t\t<div class=\"ult-ih-description-block\" style=\"\">\t\t\t\t<div class=\"ult-ih-description ult-responsive\" style=\"color:#ffffff;\"  data-ultimate-target='#ult-ih-list-item-6682 .ult-ih-description, #ult-ih-list-item-6682 .ult-ih-description p'  data-responsive-json-new='{\"font-size\":\"desktop:12px;\",\"line-height\":\"desktop:18px;\"}' ><p>Der Schuldeneintreiber<\/p>\n\t\t\t\t<\/div>\t\t\t<\/div>\t<\/div>\t<\/div><\/div><\/div><\/li>\t<\/ul><\/div>[\/vc_column][\/vc_row][vc_row][vc_column][vc_btn title=&#8220;KONTAKTIEREN SIE UNS&#8220; style=&#8220;outline-custom&#8220; outline_custom_color=&#8220;&#8220; outline_custom_hover_background=&#8220;#ffffff&#8220; outline_custom_hover_text=&#8220;#101010&#8243; size=&#8220;sm&#8220; align=&#8220;center&#8220; css_animation=&#8220;bottom-to-top&#8220; link=&#8220;url:https%3A%2F%2Fvisaforgermany.de%2Fde%2Fkontakt%2F|&#8220;][\/vc_column][\/vc_row][vc_row][vc_column][vc_btn title=&#8220;DATENSCHUTZ&#8220; size=&#8220;xs&#8220; link=&#8220;url:https%3A%2F%2Fvisaforgermany.de%2Fde%2Fdatenschutz%2F|&#8220;][vc_btn title=&#8220;IMPRESSUM&#8220; size=&#8220;xs&#8220; link=&#8220;url:https%3A%2F%2Fvisaforgermany.de%2Fde%2Fimpressum%2F|&#8220;][vc_btn title=&#8220;AGB&#8220; size=&#8220;xs&#8220; link=&#8220;url:https%3A%2F%2Fvisaforgermany.de%2Fde%2Fagb%2F&#8220;][vc_row_inner][\/vc_row_inner][\/vc_column][\/vc_row]<\/p>\n<\/section>","protected":false},"excerpt":{"rendered":"<p>[vc_row css=&#8220;.vc_custom_1481236650908{margin-top: 100px !important;margin-bottom: 100px !important;}&#8220;][vc_column width=&#8220;1\/2&#8243; css=&#8220;.vc_custom_1476030875969{padding-right: 20px !important;}&#8220;][vc_column_text] UNSERE WERTE Wir setzen uns f\u00fcr eine offene und freie Welt f\u00fcr alle ein, unabh\u00e4ngig von ethnischer Herkunft und Nationalit\u00e4t, Geschlecht, Rasse, Religion oder anderen Vorurteilen. Wir rei\u00dfen Grenzen ein, \u00fcberwinden Hindernisse und bek\u00e4mpfen B\u00fcrokratie.[\/vc_column_text][\/vc_column][vc_column width=&#8220;1\/2&#8243; css=&#8220;.vc_custom_1476030881601{padding-left: 20px !important;}&#8220;][vc_column_text] UNSERE MISSION Wir wollen verstaubte Beh\u00f6rden [&hellip;]<\/p>\n","protected":false},"author":2,"featured_media":0,"parent":0,"menu_order":0,"comment_status":"closed","ping_status":"closed","template":"page.php","meta":{"footnotes":""},"class_list":["post-1980","page","type-page","status-publish","hentry"],"_links":{"self":[{"href":"https:\/\/visaforgermany.de\/de\/wp-json\/wp\/v2\/pages\/1980","targetHints":{"allow":["GET"]}}],"collection":[{"href":"https:\/\/visaforgermany.de\/de\/wp-json\/wp\/v2\/pages"}],"about":[{"href":"https:\/\/visaforgermany.de\/de\/wp-json\/wp\/v2\/types\/page"}],"author":[{"embeddable":true,"href":"https:\/\/visaforgermany.de\/de\/wp-json\/wp\/v2\/users\/2"}],"replies":[{"embeddable":true,"href":"https:\/\/visaforgermany.de\/de\/wp-json\/wp\/v2\/comments?post=1980"}],"version-history":[{"count":54,"href":"https:\/\/visaforgermany.de\/de\/wp-json\/wp\/v2\/pages\/1980\/revisions"}],"predecessor-version":[{"id":3005,"href":"https:\/\/visaforgermany.de\/de\/wp-json\/wp\/v2\/pages\/1980\/revisions\/3005"}],"wp:attachment":[{"href":"https:\/\/visaforgermany.de\/de\/wp-json\/wp\/v2\/media?parent=1980"}],"curies":[{"name":"wp","href":"https:\/\/api.w.org\/{rel}","templated":true}]}}