{"id":1994,"date":"2023-05-29T09:33:53","date_gmt":"2023-05-29T07:33:53","guid":{"rendered":"https:\/\/visaforgermany.de\/infos-verfahren\/"},"modified":"2023-07-02T19:14:09","modified_gmt":"2023-07-02T17:14:09","slug":"infos-verfahren","status":"publish","type":"page","link":"https:\/\/visaforgermany.de\/de\/infos-verfahren\/","title":{"rendered":"Infos &amp; Verfahren"},"content":{"rendered":"<section class=\"wpb-content-wrapper\"><p>[vc_row][vc_column][vc_empty_space height=&#8220;50px&#8220;][\/vc_column][\/vc_row][vc_row][vc_column][vc_single_image image=&#8220;1935&#8243; img_size=&#8220;1000&#215;600&#8243; alignment=&#8220;center&#8220; style=&#8220;vc_box_shadow_border&#8220; css_animation=&#8220;none&#8220;][\/vc_column][\/vc_row][vc_row][vc_column][vc_empty_space height=&#8220;50px&#8220;][\/vc_column][\/vc_row][vc_row][vc_column width=&#8220;1\/6&#8243;][\/vc_column][vc_column width=&#8220;2\/3&#8243;][vc_column_text]Die folgenden Informationen sollen einen \u00dcberblick \u00fcber die Erforderlichkeit eines Visums oder Aufenthaltstitels, die Verfahren im Ausland und in Deutschland zur Erstbeantragung oder Verl\u00e4ngerung eines Visums oder Aufenthaltstitels und weitere n\u00fctzliche Informationen darstellen. Fehlt Ihnen eine Informationen? Z\u00f6gern Sie nicht, <a href=\"https:\/\/visaforgermany.de\/de\/kontakt\/\"><strong><em>uns anszusprechen<\/em><\/strong><\/a>.<\/p>\n<p>&nbsp;<\/p>\n<h3>1. Erforderlichkeit eines Visums \/ Geldbu\u00dfen<\/h3>\n<p>Grunds\u00e4tzlich ist zwischen der Berechtigung zum Aufenthalt und der Berechtigung zur Aus\u00fcbung einer wirtschaftlichen T\u00e4tigkeit zu unterscheiden.<\/p>\n<h4>Aufenthalt in Deutschland<\/h4>\n<p>Als Staatsangeh\u00f6riger eines EU-\/EWR-Staates ben\u00f6tigen Sie kein Visum zur dauerhaften Einreise nach Deutschland.<\/p>\n<p>Als Staatsangeh\u00f6riger Australiens, Kanadas, der USA, Israels, Neuseelands, Japans oder S\u00fcdkorea ben\u00f6tigen Sie einen Aufenthaltstitel in Deutschland, k\u00f6nnen diesen jedoch NACH Ihrer Einreise bei der zust\u00e4ndigen Ausl\u00e4nderbeh\u00f6rde f\u00fcr alle Arten des Aufenthalts beantragen.<\/p>\n<p>Sofern Sie nicht zu den beiden vorgenannten Gruppen geh\u00f6ren, ben\u00f6tigen Sie bei der Einreise ein nationales deutsches Visum.<\/p>\n<p><a href=\"https:\/\/www.auswaertiges-amt.de\/de\/service\/visa-und-aufenthalt\/staatenliste-zur-visumpflicht\/207820\"><strong><em>Die Liste des Ausw\u00e4rtigen Amts<\/em><\/strong><\/a> bietet Ihnen eine \u00dcbersicht, ob Sie f\u00fcr die Einreise ein Visum ben\u00f6tigen oder ohne Visum in die Bundesrepublik Deutschland einreisen k\u00f6nnen.<\/p>\n<h4>Arbeiten in Deutschland<\/h4>\n<p>Ebenso ben\u00f6tigen Sie ein Visum, wenn sie die Aus\u00fcbung einer Erwerbst\u00e4tigkeit in Deutschland planen. Dies gilt jedoch nicht f\u00fcr Staatsangeh\u00f6rige eines EU-\/EWR-Staates. Nehmen Arbeitnehmer eine berufliche T\u00e4tigkeit in Deutschland auf, ohne die erforderliche Genehmigung zu haben, droht dem Arbeitgeber eine Strafe von bis zu EUR 500.00,00 und Arbeitnehmern bis zu EUR 5.000,00.<\/p>\n<p>&nbsp;<\/p>\n<h3>2. Verfahren<\/h3>\n<p>Verantwortlich f\u00fcr die Visumerteilung sind die Botschaften und Generalkonsulate (Auslandsvertretungen) der Bundesrepublik Deutschland im Ausland.<\/p>\n<p>\u00d6rtlich zust\u00e4ndig f\u00fcr die Bearbeitung des Visumantrags ist die Auslandsvertretung, in deren Amtsbezirk Sie Ihren gew\u00f6hnlichen Aufenthalt bzw. Wohnsitz haben. Eine \u00dcbersicht \u00fcber die Auslandsvertretungen finden Sie <em><a href=\"https:\/\/www.auswaertiges-amt.de\/de\/ReiseUndSicherheit\/deutsche-auslandsvertretungen\/03-webseitenav\"><strong>hier<\/strong><\/a><\/em>.<\/p>\n<h4>Arten<\/h4>\n<p>Welches Visum Sie beantragen m\u00fcssen, h\u00e4ngt vom Zweck des Aufenthalts (z.B. gesch\u00e4ftlicher oder touristischer Aufenthalt) und von der geplanten Dauer des Aufenthalts ab. Grunds\u00e4tzlich beantragen Sie f\u00fcr Aufenthalte mit einer Dauer bis zu 90 Tagen ein Schengen-Visum. F\u00fcr l\u00e4ngerfristige Aufenthalte, also Aufenthalte \u00fcber drei Monate, beantragen Sie ein nationales Visum.<\/p>\n<p>Visa f\u00fcr Besch\u00e4ftigungszwecke werden entweder zum kurzfristigen Aufenthalt (90 in 180 Tagen \u2013 Schengen-Visum) oder zum langfristigen Aufenthalt (\u00fcber drei Monate \u2013 Nationale Visa) erteilt. Die jeweiligen Visa haben verschiedene Voraussetzungen, hinsichtlich der Gew\u00e4hrung, des Umfangs der einzureichenden Unterlagen und der Dauer der Beantragung.<\/p>\n<p>Sind Sie Fachkraft und liegen bestimmte Voraussetzungen vor, besteht ggf. Anspruch auf Erteilung einer EU Blue Card oder einer ICT-Karte im Falle eines unternehmensinternen Transfers.<\/p>\n<p>Mehr Informationen hierzu erhalten Sie auf der jeweiligen <a href=\"https:\/\/visaforgermany.de\/de\/dienstleistungen\/\"><strong><em>Infoseite<\/em><\/strong><\/a>.<\/p>\n<h4>Kosten<\/h4>\n<p>Die Bearbeitungsgeb\u00fchr f\u00fcr Schengen-Visa betr\u00e4gt grunds\u00e4tzlich EUR 80,00 (ca. USD 85,00), f\u00fcr nationale Visa (zum l\u00e4ngerfristigen Aufenthalt) EUR 75,00 (ca. USD 80,00). Allerdings sind einige Personengruppen von der Geb\u00fchrenpflicht befreit. Dazu geh\u00f6ren unter anderem Kinder unter sechs Jahren, Sch\u00fclerInnen und StudentInnen, VertreterInnen gemeinn\u00fctziger Organisationen oder Forschende.<\/p>\n<h4>Verfahren<\/h4>\n<p>Um es abzuk\u00fcrzen. Deutsche B\u00fcrokratie beginnt in der Botschaft im Ausland und nicht erst in Deutschland. Um m\u00f6glichst zeitnah das begehrte Visum zu erhalten, raten wir zu folgendem Ablauf:<\/p>\n<ol>\n<li style=\"text-align: left;\">Auswahl der einschl\u00e4gigen Visumsart (hierbei unterst\u00fctzen wir Sie)<\/li>\n<li style=\"text-align: left;\">Pr\u00fcfung, ob die Voraussetzungen zur Visumserteilung vorliegen (hierbei unterst\u00fctzen wir Sie)<\/li>\n<li style=\"text-align: left;\">Buchung eines Termins zur pers\u00f6nlichen Vorsprache in der jeweiligen Botschaft (hierbei unterst\u00fctzen wir Sie)<\/li>\n<li style=\"text-align: left;\">Sammeln und Erstellen der Antragsunterlagen (hierbei unterst\u00fctzen wir Sie)<\/li>\n<li style=\"text-align: left;\">(ggf. Abschluss erforderlicher Versicherungen &#8211; hier unterst\u00fctzen wir)<\/li>\n<li style=\"text-align: left;\">(ggf. \u00dcbersendung der Unterlagen an die Bundesagentur f\u00fcr Arbeit &#8211; hier unterst\u00fctzen wir)<\/li>\n<li style=\"text-align: left;\">Wahrnehmung des Termins zur pers\u00f6nlichen Vorsprache in der Botschaft<\/li>\n<li style=\"text-align: left;\">Abholung des Visums bei der Botschaft im Ausland \/ ggf. postalische \u00dcbersendung<\/li>\n<li style=\"text-align: left;\">Einreise nach Deutschland<\/li>\n<li style=\"text-align: left;\">ggf. Anmeldung beim Einwohnermeldeamt in Deutschland (hierbei unterst\u00fctzen wir Sie)<\/li>\n<\/ol>\n<p>&nbsp;<\/p>\n<p><strong>Gerne unterst\u00fctzen wir Sie bei den erforderlichen Schritten und lassen Ihnen hierzu alle erforderlichen Informationen, n\u00fctzliche \u00dcbersichten und Checklisten zukommen und stehen in pers\u00f6nlichen Telefonaten gerne f\u00fcr jegliche R\u00fcckfragen zur Verf\u00fcgung.<\/strong><\/p>\n<p><em><strong><a href=\"https:\/\/visaforgermany.de\/de\/kontakt\/\">Kontaktieren Sie uns.<\/a><\/strong><\/em><\/p>\n<p>&nbsp;<\/p>\n<h3>3. Anmeldung beim Einwohnermeldeamt<\/h3>\n<p>Sobald Ausl\u00e4nder in Deutschland angekommen sind, sind sie verpflichtet, sich beim zust\u00e4ndigen Einwohnermeldeamt und bei der zust\u00e4ndigen Ausl\u00e4nderbeh\u00f6rde anzumelden.<\/p>\n<p>&nbsp;<\/p>\n<h3>4. Verfahren \u2013 Deutschland &#8211; Beantragung und Verl\u00e4ngerung des Aufenthaltstitels<\/h3>\n<p>W\u00e4hrend der G\u00fcltigkeit des Visums sind Ausl\u00e4nder verpflichtet, eine Aufenthaltsgenehmigung zu beantragen. Ist eine Aufenthaltsgenehmigung zeitlich befristet erteilt, sind Ausl\u00e4nder verpflichtet, die Verl\u00e4ngerung innerhalb der G\u00fcltigkeitsdauer zu beantragen.<\/p>\n<p>Das Verfahren zur Erstbeantragung eines Aufenthaltstitels oder der Verl\u00e4ngerung eines Aufenthaltstitels unterscheidet sich ma\u00dfgeblich von dem Verfahren zur Beantragung eines Visums. Die Antr\u00e4ge sind bei der jeweiligen Ausl\u00e4nderbeh\u00f6rde zu stellen. Der Umfang der einzureichenden Unterlagen weicht erheblich von den Unterlagen, die bei der Visumsbeantragung erforderlich waren, ab.<\/p>\n<p><strong>Gerne unterst\u00fctzen wir Sie bei den erforderlichen Schritten und lassen Ihnen hierzu alle erforderlichen Informationen, n\u00fctzliche \u00dcbersichten und Checklisten zukommen und stehen in pers\u00f6nlichen Telefonaten gerne f\u00fcr jegliche R\u00fcckfragen zur Verf\u00fcgung.<\/strong><\/p>\n<p><strong><em><a href=\"https:\/\/visaforgermany.de\/de\/kontakt\/\">Kontaktieren Sie uns.<\/a><\/em><\/strong><\/p>\n<p>&nbsp;<\/p>\n<h3>5. Kontakt zu Beh\u00f6rden \/ Direkte Ansprechpartner<\/h3>\n<p>Die Botschaften im Ausland und die die Ausl\u00e4nderbeh\u00f6rden in Deutschland sind seit einigen Jahren erheblich \u00fcberlastet. Dies ist nicht nur auf eine administrative Fehlplanung, sondern auch auf die Folgen der Corona-Krise und des russischen Angriffskriegs in der Ukraine zur\u00fcckzuf\u00fchren.<\/p>\n<p>Durch unsere langj\u00e4hrige Erfahrung k\u00f6nnen wir die Dauer der Beantragung meist sehr gut einsch\u00e4tzen und empfehlen immer, den Prozess m\u00f6glichst fr\u00fchzeitig zu beginnen. Doch auch wenn es einmal schnell gehen muss, versuchen wir durch Verfahrensmittel wie das beschleunigte Fachkr\u00e4fteverfahren oder pers\u00f6nlichen Kontakte Prozesse zu beschleunigen.<\/p>\n<p>&nbsp;<\/p>\n<p><strong>Gerne unterst\u00fctzen wir Sie bei den erforderlichen Schritten und lassen Ihnen hierzu alle erforderlichen Informationen, n\u00fctzliche \u00dcbersichten und Checklisten zukommen und stehen in pers\u00f6nlichen Telefonaten gerne f\u00fcr jegliche R\u00fcckfragen zur Verf\u00fcgung.<\/strong><\/p>\n<p><em><strong><a href=\"https:\/\/visaforgermany.de\/de\/kontakt\/\">Kontaktieren Sie uns.<\/a><\/strong><\/em>[\/vc_column_text][\/vc_column][vc_column width=&#8220;1\/6&#8243;][\/vc_column][\/vc_row][vc_row][vc_column][vc_empty_space height=&#8220;50px&#8220;][vc_btn title=&#8220;DATENSCHUTZ&#8220; size=&#8220;xs&#8220; link=&#8220;url:https%3A%2F%2Fvisaforgermany.de%2Fde%2Fdatenschutz%2F|&#8220;][vc_btn title=&#8220;IMPRESSUM&#8220; size=&#8220;xs&#8220; link=&#8220;url:https%3A%2F%2Fvisaforgermany.de%2Fde%2Fimpressum%2F|&#8220;][\/vc_column][\/vc_row]<\/p>\n<\/section>","protected":false},"excerpt":{"rendered":"<p>[vc_row][vc_column][vc_empty_space height=&#8220;50px&#8220;][\/vc_column][\/vc_row][vc_row][vc_column][vc_single_image image=&#8220;1935&#8243; img_size=&#8220;1000&#215;600&#8243; alignment=&#8220;center&#8220; style=&#8220;vc_box_shadow_border&#8220; css_animation=&#8220;none&#8220;][\/vc_column][\/vc_row][vc_row][vc_column][vc_empty_space height=&#8220;50px&#8220;][\/vc_column][\/vc_row][vc_row][vc_column width=&#8220;1\/6&#8243;][\/vc_column][vc_column width=&#8220;2\/3&#8243;][vc_column_text]Die folgenden Informationen sollen einen \u00dcberblick \u00fcber die Erforderlichkeit eines Visums oder Aufenthaltstitels, die Verfahren im Ausland und in Deutschland zur Erstbeantragung oder Verl\u00e4ngerung eines Visums oder Aufenthaltstitels und weitere n\u00fctzliche Informationen darstellen. Fehlt Ihnen eine Informationen? Z\u00f6gern Sie nicht, uns anszusprechen. &nbsp; 1. Erforderlichkeit eines [&hellip;]<\/p>\n","protected":false},"author":1,"featured_media":0,"parent":0,"menu_order":0,"comment_status":"closed","ping_status":"closed","template":"page.php","meta":{"footnotes":""},"class_list":["post-1994","page","type-page","status-publish","hentry"],"_links":{"self":[{"href":"https:\/\/visaforgermany.de\/de\/wp-json\/wp\/v2\/pages\/1994","targetHints":{"allow":["GET"]}}],"collection":[{"href":"https:\/\/visaforgermany.de\/de\/wp-json\/wp\/v2\/pages"}],"about":[{"href":"https:\/\/visaforgermany.de\/de\/wp-json\/wp\/v2\/types\/page"}],"author":[{"embeddable":true,"href":"https:\/\/visaforgermany.de\/de\/wp-json\/wp\/v2\/users\/1"}],"replies":[{"embeddable":true,"href":"https:\/\/visaforgermany.de\/de\/wp-json\/wp\/v2\/comments?post=1994"}],"version-history":[{"count":29,"href":"https:\/\/visaforgermany.de\/de\/wp-json\/wp\/v2\/pages\/1994\/revisions"}],"predecessor-version":[{"id":2254,"href":"https:\/\/visaforgermany.de\/de\/wp-json\/wp\/v2\/pages\/1994\/revisions\/2254"}],"wp:attachment":[{"href":"https:\/\/visaforgermany.de\/de\/wp-json\/wp\/v2\/media?parent=1994"}],"curies":[{"name":"wp","href":"https:\/\/api.w.org\/{rel}","templated":true}]}}