{"id":1998,"date":"2023-05-29T09:46:31","date_gmt":"2023-05-29T07:46:31","guid":{"rendered":"https:\/\/visaforgermany.de\/schengen-visum\/"},"modified":"2024-02-28T22:21:07","modified_gmt":"2024-02-28T20:21:07","slug":"schengen-visum","status":"publish","type":"page","link":"https:\/\/visaforgermany.de\/de\/schengen-visum\/","title":{"rendered":"Schengen Visum"},"content":{"rendered":"<section class=\"wpb-content-wrapper\"><p>[vc_row][vc_column][vc_empty_space height=&#8220;50px&#8220;][\/vc_column][\/vc_row][vc_row][vc_column][vc_single_image image=&#8220;1879&#8243; img_size=&#8220;1000&#215;600&#8243; alignment=&#8220;center&#8220; style=&#8220;vc_box_shadow_border&#8220; css_animation=&#8220;none&#8220;][\/vc_column][\/vc_row][vc_row][vc_column][vc_empty_space height=&#8220;50px&#8220;][\/vc_column][\/vc_row][vc_row][vc_column width=&#8220;1\/6&#8243;][\/vc_column][vc_column width=&#8220;2\/3&#8243;][vc_column_text]Das Schengen-Visum ist ein Einreisevisum f\u00fcr einen kurzfristigen Aufenthalt von maximal 90 Tagen je 180 Tagen im Schengen-Raum. Ein Schengen-Visum berechtigt grunds\u00e4tzlich zur Einreise und zum Aufenthalt in allen Schengen-Staaten. Deutschland, Belgien, D\u00e4nemark, Estland, Finnland, Frankreich, Griechenland, Island, Italien, Kroatien, Lettland, Liechtenstein, Litauen, Luxemburg, Malta, die Niederlande, Norwegen, \u00d6sterreich, Polen, Portugal, Schweden, die Schweiz, die Slowakei, Slowenien, Spanien, die Tschechische Republik und Ungarn sind dem Schengener Abkommen beigetreten und gelten daher als &#8222;Schengen-Staaten&#8220;.<\/p>\n<p>&nbsp;<\/p>\n<h3>1. Schengen-Visum Kategorien<\/h3>\n<p>Bei Schengen-Visa unterscheidet man zwischen dem folgenden Zwecken des Aufenthalts:<\/p>\n<h5>a) Schengen-Visum Typ A \u2013 Transit Flughafen<\/h5>\n<p>Dieses Visum erlaubt den Aufenthalt im internationalen Transitbereich eines Flughafens.<\/p>\n<h5>b) Schengen-Visum Typ B \u2013 Durchreise oder Transitvisum<\/h5>\n<p>Diese Schengen-Visa-Art erlaubt die Durchreise \u00fcber den Landweg von bis zu 5 Tagen durch den Schengen-Raum, um in ein Drittland zu reisen.<\/p>\n<h5>c) Schengen-Visum Typ C \u2013 Kurzaufenthalt<\/h5>\n<p>Mit dem C-Visum k\u00f6nnen Sie sich bis zu 90 Tage im gesamten Schengen-Raum aufhalten, weshalb sich das Schengen-Visum C perfekt f\u00fcr Gesch\u00e4ftsreisen, den Besuch von Familie und Freunden sowie touristische Zwecke eignet. Mit dem C-Visum d\u00fcrfen Sie nicht berechtigt, in Deutschland zu arbeiten. Diese Visa-Art ist in der Regel nur in Notsituationen verl\u00e4ngerbar.<\/p>\n<p>Gr\u00fcnde f\u00fcr den Antrag der Schengen-Visa-Art C f\u00fcr Kurzaufenthalte<\/p>\n<ul>\n<li>Gesch\u00e4ftsreisen<\/li>\n<li>Besuche bei Freunden und Verwandten<\/li>\n<li>Tourismus und Reisen<\/li>\n<li>Kultur- und Sportveranstaltungen<\/li>\n<li>Flughafentransit und Visum f\u00fcr den Transit im Hafen<\/li>\n<li>Offizielle Besuche<\/li>\n<li>Medizinische Gr\u00fcnde<\/li>\n<li>Kurzzeitstudien und Forschungszwecke<\/li>\n<\/ul>\n<p>&nbsp;<\/p>\n<p><strong>Achtung<\/strong>: Sie d\u00fcrfen mit dem Visum der Kategorie \u201eC\u201c keine Erwerbst\u00e4tigkeit aufnehmen, wenn dies nicht im Visum vermerkt ist.<\/p>\n<h5>d) Schengen-Visum Typ D \u2013 l\u00e4ngerfristiger Aufenthalt<\/h5>\n<p>Mit einem D-Visum, auch nationales Visum genannt, k\u00f6nnen Sie sich mehr als 3 Monate in einem bestimmten Schengen-Land z.B. Deutschland aufhalten. Dennoch k\u00f6nnen Sie mit dieser Visa-Art auch 90 Tage in andere Schengen-L\u00e4nder reisen, da es keine Grenzen gibt. Das D-Visum richtet sich vor allem an Personen, die in einem Schengen-Land studieren, arbeiten oder sich dauerhaft niederlassen m\u00f6chten. Das D-Visum wird mit einer maximalen G\u00fcltigkeit von 12 Monaten ausgestellt. Wenn Sie l\u00e4nger in einem Schengen-Land bleiben wollen, m\u00fcssen Sie sich vor Ort um eine Aufenthaltserlaubnis k\u00fcmmern.<\/p>\n<ul>\n<li>Gr\u00fcnde f\u00fcr die Beantragung eines Visums f\u00fcr Langzeitaufenthalte<\/li>\n<li>Arbeitsaufnahme<\/li>\n<li>Au-Pair, Praktikum, Freiwilligendienst<\/li>\n<li>Familiennachzug<\/li>\n<li>beabsichtigte Eheschlie\u00dfungen<\/li>\n<li>Studium, Sprachkurs, Schulbesuch<\/li>\n<\/ul>\n<p>&nbsp;<\/p>\n<h3>2. Voraussetzungen<\/h3>\n<ul>\n<li>Wenn Sie arbeiten wollen: Mindestgehalt f\u00fcr Personen \u00fcber 45 Jahre beachten: Nachweis eines Jahresbruttogehalts von mindestens 48.180 EUR (ca. 52.000 USD) (im Jahr 2023) oder ausreichende Altersvorsorge<\/li>\n<li>Gleichwertigkeit oder Vergleichbarkeit des ausl\u00e4ndischen Hochschul- oder Berufsabschlusses<\/li>\n<li>Ggf. Berufsaus\u00fcbungserlaubnis<\/li>\n<\/ul>\n<p>&nbsp;<\/p>\n<h3>3. Verfahren<\/h3>\n<ul>\n<li>Voraussetzungen pr\u00fcfen (hierbei unterst\u00fctzen wir Sie)<\/li>\n<li>Terminbuchung bei der zust\u00e4ndigen Botschaft im Ausland (hierbei unterst\u00fctzen wir Sie)<\/li>\n<li>Unterlagen vorbereiten (hierbei unterst\u00fctzen wir Sie)<\/li>\n<li>Pers\u00f6nliche Vorsprache bei der zust\u00e4ndigen deutschen Auslandsvertretung (wir unterst\u00fctzen Sie hierbei)<\/li>\n<li>Visum beantragen (hierbei unterst\u00fctzen wir Sie)<\/li>\n<li>Einreise nach Deutschland<\/li>\n<\/ul>\n<p>&nbsp;<\/p>\n<h3>4. Kosten<\/h3>\n<p>Die von den Auslandsvertretungen erhobene Bearbeitungsgeb\u00fchr f\u00fcr Schengen-Visa betr\u00e4gt in der Regel EUR 80,00 (ca. USD 85,00). Es gelten jedoch die folgenden Ausnahmen:<\/p>\n<ul>\n<li>Kinder 0-6 Jahre: kostenfrei<\/li>\n<li>Kinder 6-11 Jahre: EUR 40,00<\/li>\n<li>Ehegatten deutscher Staatsangeh\u00f6riger oder Angeh\u00f6riger anderer EU-Staaten: kostenfrei<\/li>\n<li>Minderj\u00e4hrige Kinder deutscher Staatsangeh\u00f6riger oder Angeh\u00f6riger anderer EU-Staaten: kostenfrei<\/li>\n<li>Eltern von minderj\u00e4hrigen Deutschen\/EU-Staatlern: kostenfrei<\/li>\n<\/ul>\n<p>&nbsp;<\/p>\n<p>Anders als viele Rechtsanwaltskanzleien wollen wir kein Stundenhonorar mit unseren Kunden vereinbaren, um diese vor hohen Kosten abzusichern, sondern setzen vielmehr auf einen Fixpreis. Bitte kontaktieren Sie uns f\u00fcr weitere Informationen.<\/p>\n<p>&nbsp;<\/p>\n<h3>5. G\u00fcltigkeit<\/h3>\n<p>Die Dauer der G\u00fcltigkeit des Schengen-Visums h\u00e4ngt von der jeweiligen oben genannten Art ab.<\/p>\n<p>&nbsp;<\/p>\n<p><strong>Gerne unterst\u00fctzen wir Sie bei den erforderlichen Schritten und lassen Ihnen hierzu alle erforderlichen Informationen, n\u00fctzliche \u00dcbersichten und Checklisten zukommen und stehen in pers\u00f6nlichen Telefonaten gerne f\u00fcr jegliche R\u00fcckfragen zur Verf\u00fcgung.<\/strong><\/p>\n<p><strong><em><a href=\"https:\/\/visaforgermany.de\/de\/kontakt\/\">Kontaktieren Sie uns.<\/a><\/em><\/strong>[\/vc_column_text][\/vc_column][vc_column width=&#8220;1\/6&#8243;][\/vc_column][\/vc_row][vc_row][vc_column][vc_empty_space height=&#8220;50px&#8220;][vc_btn title=&#8220;DATENSCHUTZ&#8220; size=&#8220;xs&#8220; link=&#8220;url:https%3A%2F%2Fvisaforgermany.de%2Fde%2Fdatenschutz%2F|&#8220;][vc_btn title=&#8220;IMPRESSUM&#8220; size=&#8220;xs&#8220; link=&#8220;url:https%3A%2F%2Fvisaforgermany.de%2Fde%2Fimpressum%2F|&#8220;][\/vc_column][\/vc_row]<\/p>\n<\/section>","protected":false},"excerpt":{"rendered":"<p>[vc_row][vc_column][vc_empty_space height=&#8220;50px&#8220;][\/vc_column][\/vc_row][vc_row][vc_column][vc_single_image image=&#8220;1879&#8243; img_size=&#8220;1000&#215;600&#8243; alignment=&#8220;center&#8220; style=&#8220;vc_box_shadow_border&#8220; css_animation=&#8220;none&#8220;][\/vc_column][\/vc_row][vc_row][vc_column][vc_empty_space height=&#8220;50px&#8220;][\/vc_column][\/vc_row][vc_row][vc_column width=&#8220;1\/6&#8243;][\/vc_column][vc_column width=&#8220;2\/3&#8243;][vc_column_text]Das Schengen-Visum ist ein Einreisevisum f\u00fcr einen kurzfristigen Aufenthalt von maximal 90 Tagen je 180 Tagen im Schengen-Raum. Ein Schengen-Visum berechtigt grunds\u00e4tzlich zur Einreise und zum Aufenthalt in allen Schengen-Staaten. Deutschland, Belgien, D\u00e4nemark, Estland, Finnland, Frankreich, Griechenland, Island, Italien, Kroatien, Lettland, Liechtenstein, Litauen, Luxemburg, Malta, die [&hellip;]<\/p>\n","protected":false},"author":1,"featured_media":0,"parent":0,"menu_order":0,"comment_status":"closed","ping_status":"closed","template":"page.php","meta":{"footnotes":""},"class_list":["post-1998","page","type-page","status-publish","hentry"],"_links":{"self":[{"href":"https:\/\/visaforgermany.de\/de\/wp-json\/wp\/v2\/pages\/1998","targetHints":{"allow":["GET"]}}],"collection":[{"href":"https:\/\/visaforgermany.de\/de\/wp-json\/wp\/v2\/pages"}],"about":[{"href":"https:\/\/visaforgermany.de\/de\/wp-json\/wp\/v2\/types\/page"}],"author":[{"embeddable":true,"href":"https:\/\/visaforgermany.de\/de\/wp-json\/wp\/v2\/users\/1"}],"replies":[{"embeddable":true,"href":"https:\/\/visaforgermany.de\/de\/wp-json\/wp\/v2\/comments?post=1998"}],"version-history":[{"count":30,"href":"https:\/\/visaforgermany.de\/de\/wp-json\/wp\/v2\/pages\/1998\/revisions"}],"predecessor-version":[{"id":2756,"href":"https:\/\/visaforgermany.de\/de\/wp-json\/wp\/v2\/pages\/1998\/revisions\/2756"}],"wp:attachment":[{"href":"https:\/\/visaforgermany.de\/de\/wp-json\/wp\/v2\/media?parent=1998"}],"curies":[{"name":"wp","href":"https:\/\/api.w.org\/{rel}","templated":true}]}}