{"id":2002,"date":"2023-05-29T09:46:35","date_gmt":"2023-05-29T07:46:35","guid":{"rendered":"https:\/\/visaforgermany.de\/eu-blue-card\/"},"modified":"2024-02-28T22:15:07","modified_gmt":"2024-02-28T20:15:07","slug":"eu-blue-card","status":"publish","type":"page","link":"https:\/\/visaforgermany.de\/de\/eu-blue-card\/","title":{"rendered":"EU Blue Card"},"content":{"rendered":"<section class=\"wpb-content-wrapper\"><p>[vc_row][vc_column][vc_empty_space height=&#8220;50px&#8220;][\/vc_column][\/vc_row][vc_row][vc_column][vc_single_image image=&#8220;1931&#8243; img_size=&#8220;1000&#215;600&#8243; alignment=&#8220;center&#8220; style=&#8220;vc_box_shadow_border&#8220; css_animation=&#8220;none&#8220;][\/vc_column][\/vc_row][vc_row][vc_column][vc_empty_space height=&#8220;50px&#8220;][\/vc_column][\/vc_row][vc_row][vc_column width=&#8220;1\/6&#8243;][\/vc_column][vc_column width=&#8220;2\/3&#8243;][vc_column_text]Sie haben einen Hochschulabschluss und haben einen Job oder ein Jobangebot in Deutschland gefunden? Erfahren Sie hier, welche Voraussetzungen Sie f\u00fcr die Blaue Karte EU erf\u00fcllen m\u00fcssen.<\/p>\n<p>Die Blaue Karte EU (\u00a7 18b Abs. 2 AufenthG) ist ein besonderer Aufenthaltstitel f\u00fcr ausl\u00e4ndische Akademikerinnen und Akademiker, die in Deutschland eine qualifizierte Besch\u00e4ftigung aufnehmen wollen.<\/p>\n<p>&nbsp;<\/p>\n<h3>1. Voraussetzungen<\/h3>\n<ul>\n<li><strong>Hochschulabschluss<\/strong>: YSie verf\u00fcgen \u00fcber einen deutschen, einen anerkannten ausl\u00e4ndischen Hochschulabschluss oder einen ausl\u00e4ndischen Hochschulabschluss, der mit einem deutschen Hochschulabschluss vergleichbar ist. Informationen zur Gleichwertigkeit und Anerkennung ausl\u00e4ndischer Hochschulabschl\u00fcsse erhalten Sie gerne nachdem Sie uns die erforderlichen Unterlagen \u00fcbersandt haben.<\/li>\n<li><strong>Jobangebot<\/strong>: Sie haben bereits ein konkretes Jobangebot in einem Unternehmen in Deutschland.<\/li>\n<li><strong>T\u00e4tigkeit<\/strong>: Die Arbeitsstelle muss Ihrer Qualifikation (Hochschulabschluss) angemessen sein.<\/li>\n<li><strong>Mindestgehalt<\/strong>: Durch die T\u00e4tigkeit in Deutschland erhalten Sie ein Bruttojahresgehalt von mindestens EUR 45.300 brutto (EUR 3.775 pro Monat) (ca. USD 48.000) (im Jahr 2024). F\u00fcr Arbeitspl\u00e4tze in den Berufsfeldern Mathematik, Informatik, Naturwissenschaften, Ingenieurwesen und Humanmedizin gilt ein reduziertes Bruttojahresgehalt von mindestens 41.041,80 EUR (ca. 44.000 USD) (im Jahr 2024).<\/li>\n<li><strong>Ggf.<\/strong>Zustimmung der Bundesagentur f\u00fcr Arbeit f\u00fcr die Aus\u00fcbung der T\u00e4tigkeit.<\/li>\n<\/ul>\n<p>&nbsp;<\/p>\n<h3>2. Verfahren<\/h3>\n<ul>\n<li>Voraussetzungen pr\u00fcfen (hierbei unterst\u00fctzen wir Sie)<\/li>\n<li>Terminbuchung bei der zust\u00e4ndigen Botschaft im Ausland (hierbei unterst\u00fctzen wir Sie)<\/li>\n<li>Unterlagen vorbereiten (hierbei unterst\u00fctzen wir Sie)<\/li>\n<li>Pers\u00f6nliche Vorsprache bei der zust\u00e4ndigen deutschen Auslandsvertretung<\/li>\n<li>Visum beantragen (hierbei unterst\u00fctzen wir Sie)<\/li>\n<li>Einreise nach Deutschland<\/li>\n<li>Beantragung einer Aufenthaltserlaubnis in Deutschland (hierbei unterst\u00fctzen wir Sie)<\/li>\n<\/ul>\n<p>&nbsp;<\/p>\n<h3>3. Kosten<\/h3>\n<p>Die Geb\u00fchr f\u00fcr ein Einreisevisum betr\u00e4gt f\u00fcr alle Visa-Arten, die f\u00fcr einen l\u00e4ngerfristigen Aufenthalt in Deutschland ausgestellt werden, ca. EUR 75,00 (ca. USD 80,00).<\/p>\n<p>Anders als viele Rechtsanwaltskanzleien wollen wir kein Stundenhonorar mit unseren Kunden vereinbaren, um diese vor hohen Kosten abzusichern, sondern setzen vielmehr auf einen Fixpreis. Kontaktieren Sie uns gerne f\u00fcr weitere Informationen.<\/p>\n<p>&nbsp;<\/p>\n<h3>4. G\u00fcltigkeit \/ M\u00f6glichkeit Niederlassungserlaubnis zu erhalten<\/h3>\n<p>Die Blaue Karte EU wird f\u00fcr die Dauer des Arbeitsvertrages zuz\u00fcglich drei Monate, h\u00f6chstens aber f\u00fcr vier Jahre, ausgestellt. Bei Vorliegen der Voraussetzungen ist eine Verl\u00e4ngerung m\u00f6glich. Ein Arbeitsplatzwechsel innerhalb der ersten zwei Besch\u00e4ftigungsjahre muss von der zust\u00e4ndigen Ausl\u00e4nderbeh\u00f6rde genehmigt werden.<\/p>\n<p>Nach 33 Monaten k\u00f6nnen Inhaber einer Blauen Karte EU eine Niederlassungserlaubnis erhalten. Wenn die hierf\u00fcr erforderlichen Sprachkenntnisse der Stufe B1 nach dem Gemeinsamen europ\u00e4ischen Referenzrahmen f\u00fcr Sprachen (GER) vorzeitig nachgewiesen werden, kann die Niederlassungserlaubnis bereits nach 21 Monaten erteilt werden.<\/p>\n<p>Sie m\u00f6chten gemeinsam mit Ihrer Familie in Deutschland leben? Als Inhaber einer Blauen Karte EU ist das m\u00f6glich. Mehr Informationen hierzu erhalten Sie <strong><em><a href=\"https:\/\/visaforgermany.de\/visaforgermany-services\/family-students\/\">hier<\/a>.<\/em><\/strong><\/p>\n<p>&nbsp;<\/p>\n<p><strong>Gerne unterst\u00fctzen wir Sie bei den erforderlichen Schritten und lassen Ihnen hierzu alle erforderlichen Informationen, n\u00fctzliche \u00dcbersichten und Checklisten zukommen und stehen in pers\u00f6nlichen Telefonaten gerne f\u00fcr jegliche R\u00fcckfragen zur Verf\u00fcgung.<\/strong><\/p>\n<p><strong><em><a href=\"https:\/\/visaforgermany.de\/de\/kontakt\/\">Kontaktieren Sie uns.<\/a><\/em><\/strong>[\/vc_column_text][\/vc_column][vc_column width=&#8220;1\/6&#8243;][\/vc_column][\/vc_row][vc_row][vc_column][vc_empty_space height=&#8220;50px&#8220;][vc_btn title=&#8220;DATENSCHUTZ&#8220; size=&#8220;xs&#8220; link=&#8220;url:https%3A%2F%2Fvisaforgermany.de%2Fde%2Fdatenschutz%2F|&#8220;][vc_btn title=&#8220;IMPRESSUM&#8220; size=&#8220;xs&#8220; link=&#8220;url:https%3A%2F%2Fvisaforgermany.de%2Fde%2Fimpressum%2F|&#8220;][\/vc_column][\/vc_row]<\/p>\n<\/section>","protected":false},"excerpt":{"rendered":"<p>[vc_row][vc_column][vc_empty_space height=&#8220;50px&#8220;][\/vc_column][\/vc_row][vc_row][vc_column][vc_single_image image=&#8220;1931&#8243; img_size=&#8220;1000&#215;600&#8243; alignment=&#8220;center&#8220; style=&#8220;vc_box_shadow_border&#8220; css_animation=&#8220;none&#8220;][\/vc_column][\/vc_row][vc_row][vc_column][vc_empty_space height=&#8220;50px&#8220;][\/vc_column][\/vc_row][vc_row][vc_column width=&#8220;1\/6&#8243;][\/vc_column][vc_column width=&#8220;2\/3&#8243;][vc_column_text]Sie haben einen Hochschulabschluss und haben einen Job oder ein Jobangebot in Deutschland gefunden? Erfahren Sie hier, welche Voraussetzungen Sie f\u00fcr die Blaue Karte EU erf\u00fcllen m\u00fcssen. Die Blaue Karte EU (\u00a7 18b Abs. 2 AufenthG) ist ein besonderer Aufenthaltstitel f\u00fcr ausl\u00e4ndische Akademikerinnen und Akademiker, die [&hellip;]<\/p>\n","protected":false},"author":1,"featured_media":0,"parent":0,"menu_order":0,"comment_status":"closed","ping_status":"closed","template":"page.php","meta":{"footnotes":""},"class_list":["post-2002","page","type-page","status-publish","hentry"],"_links":{"self":[{"href":"https:\/\/visaforgermany.de\/de\/wp-json\/wp\/v2\/pages\/2002","targetHints":{"allow":["GET"]}}],"collection":[{"href":"https:\/\/visaforgermany.de\/de\/wp-json\/wp\/v2\/pages"}],"about":[{"href":"https:\/\/visaforgermany.de\/de\/wp-json\/wp\/v2\/types\/page"}],"author":[{"embeddable":true,"href":"https:\/\/visaforgermany.de\/de\/wp-json\/wp\/v2\/users\/1"}],"replies":[{"embeddable":true,"href":"https:\/\/visaforgermany.de\/de\/wp-json\/wp\/v2\/comments?post=2002"}],"version-history":[{"count":34,"href":"https:\/\/visaforgermany.de\/de\/wp-json\/wp\/v2\/pages\/2002\/revisions"}],"predecessor-version":[{"id":2752,"href":"https:\/\/visaforgermany.de\/de\/wp-json\/wp\/v2\/pages\/2002\/revisions\/2752"}],"wp:attachment":[{"href":"https:\/\/visaforgermany.de\/de\/wp-json\/wp\/v2\/media?parent=2002"}],"curies":[{"name":"wp","href":"https:\/\/api.w.org\/{rel}","templated":true}]}}