{"id":2006,"date":"2023-05-29T09:46:38","date_gmt":"2023-05-29T07:46:38","guid":{"rendered":"https:\/\/visaforgermany.de\/unternehmensinterner-transfer-ict\/"},"modified":"2024-02-28T22:19:23","modified_gmt":"2024-02-28T20:19:23","slug":"unternehmensinterner-transfer-ict","status":"publish","type":"page","link":"https:\/\/visaforgermany.de\/de\/unternehmensinterner-transfer-ict\/","title":{"rendered":"Unternehmensinterner Transfer (ICT)"},"content":{"rendered":"<section class=\"wpb-content-wrapper\"><p>[vc_row][vc_column][vc_empty_space height=&#8220;50px&#8220;][\/vc_column][\/vc_row][vc_row][vc_column][vc_single_image image=&#8220;1943&#8243; img_size=&#8220;1000&#215;600&#8243; alignment=&#8220;center&#8220; style=&#8220;vc_box_shadow_border&#8220; css_animation=&#8220;none&#8220;][\/vc_column][\/vc_row][vc_row][vc_column][vc_empty_space height=&#8220;50px&#8220;][\/vc_column][\/vc_row][vc_row][vc_column width=&#8220;1\/6&#8243;][\/vc_column][vc_column width=&#8220;2\/3&#8243;][vc_column_text]Wenn Sie als F\u00fchrungskraft, Spezialistin bzw. Spezialist oder Trainee in einem Unternehmen au\u00dferhalb der EU arbeiten und an einem oder mehreren Unternehmensstandorten innnerhalb der EU eingesetzt werden sollen, dann kommt f\u00fcr Sie der unternehmensinterne Transfer (ICT \u2013 Intra-Corporate-Transfer) in Betracht. Hierf\u00fcr erhalten Sie in dem EU-Mitgliedstaat, in dem Sie die l\u00e4ngste Zeit f\u00fcr Ihr Unternehmen t\u00e4tig sein werden, eine ICT-Karte.<\/p>\n<p>Auf Grundlage der ICT-Karte k\u00f6nnen Sie f\u00fcr Ihr Unternehmen kurzzeitig auch an Unternehmensstandorten in anderen EU-Mitgliedstaaten t\u00e4tig werden.<\/p>\n<p>&nbsp;<\/p>\n<h3>1. Voraussetzungen<\/h3>\n<ul>\n<li><strong>Anstellung im Ausland, Entsendung nach Deutschland:<\/strong> Als Mitarbeiterin oder Mitarbeiter eines Unternehmens oder einer Unternehmensgruppe mit Sitz au\u00dferhalb der EU werden Sie zeitweise in deren Niederlassung nach Deutschland abgeordnet, d.h. Ihr bisheriger Arbeitsvertrag beh\u00e4lt seine G\u00fcltigkeit,<\/li>\n<li><strong>Fachkraft:<\/strong> Sie m\u00fcssen in der aufnehmenden Niederlassung in Deutschland als F\u00fchrungskraft, Spezialistin bzw. Spezialist oder Trainee t\u00e4tig werden und Ihre berufliche Qualifikation hierf\u00fcr nachweisen,<\/li>\n<li><strong>Mindestbesch\u00e4ftigungsdauer beim Unternehmen im Ausland<\/strong>Sie m\u00fcssen dem Unternehmen bzw. der Unternehmensgruppe seit mindestens sechs Monaten ununterbrochen angeh\u00f6ren,<\/li>\n<li><strong>Mindestdauer der Entsendung:<\/strong> der unternehmensinterne Transfer muss l\u00e4nger als 90 Tage dauern,<\/li>\n<li><strong>G\u00fcltiger Arbeitsvertrag:<\/strong> Sie m\u00fcssen einen f\u00fcr die Dauer des unternehmensinternen Transfers g\u00fcltigen Arbeitsvertrag und ggf. ein Entsendungsschreiben vorweisen k\u00f6nnen,<\/li>\n<li><strong>Weiterbesch\u00e4ftigung im Ausland nach dem Ende der Entsendung: <\/strong>aus dem Arbeitsvertrag bzw. dem Abordnungsschreiben muss hervorgehen, dass Sie nach dem Transfer bei Ihrem bisherigen Arbeitgeber weiterbesch\u00e4ftigt werden, und<\/li>\n<li><strong>Keine Entsendung innerhalb der letzten sechs Monate<\/strong>: zwischen Ihrem letzten Aufenthalt im Rahmen eines unternehmensinternen Transfers und dem jetzigen m\u00fcssen mindestens sechs Monate vergangen sein.<\/li>\n<\/ul>\n<p>&nbsp;<\/p>\n<h3>2. Verfahren<\/h3>\n<ul>\n<li>Voraussetzungen pr\u00fcfen (hierbei unterst\u00fctzen wir Sie)<\/li>\n<li>Terminbuchung bei der zust\u00e4ndigen Botschaft im Ausland (hierbei unterst\u00fctzen wir Sie)<\/li>\n<li>Unterlagen vorbereiten (hierbei unterst\u00fctzen wir Sie)<\/li>\n<li>Pers\u00f6nliche Vorsprache bei der zust\u00e4ndigen deutschen Auslandsvertretung<\/li>\n<li>Visum beantragen (hierbei unterst\u00fctzen wir Sie)<\/li>\n<li>Einreise nach Deutschland<\/li>\n<li>Beantragung einer Aufenthaltserlaubnis in Deutschland (hierbei unterst\u00fctzen wir Sie)<\/li>\n<\/ul>\n<p>&nbsp;<\/p>\n<h3>3. Kosten<\/h3>\n<p>Die Geb\u00fchr f\u00fcr ein Einreisevisum betr\u00e4gt f\u00fcr alle Visa-Arten, die f\u00fcr einen l\u00e4ngerfristigen Aufenthalt in Deutschland ausgestellt werden, ca. EUR 75,00 (ca. USD 80,00).<\/p>\n<p>Anders als viele Rechtsanwaltskanzleien wollen wir kein Stundenhonorar mit unseren Kunden vereinbaren, um diese vor hohen Kosten abzusichern, sondern setzen vielmehr auf einen Fixpreis. Bitte kontaktieren Sie uns f\u00fcr weitere Informationen.<\/p>\n<p>&nbsp;<\/p>\n<h3>4. G\u00fcltigkeit<\/h3>\n<p>Die ICT-Karte wird in Deutschland an F\u00fchrungskr\u00e4fte sowie Spezialistinnen und Spezialisten f\u00fcr die Dauer des Transfers beziehungsweise f\u00fcr maximal drei Jahre erteilt.<\/p>\n<p>&nbsp;<\/p>\n<p>Gerne unterst\u00fctzen wir Sie bei den erforderlichen Schritten und lassen Ihnen hierzu alle erforderlichen Informationen, n\u00fctzliche \u00dcbersichten und Checklisten zukommen und stehen in pers\u00f6nlichen Telefonaten gerne f\u00fcr jegliche R\u00fcckfragen zur Verf\u00fcgung.<\/p>\n<p><strong><em><a href=\"https:\/\/visaforgermany.de\/de\/kontakt\/\">Kontaktieren Sie uns.<\/a><\/em><\/strong>[\/vc_column_text][\/vc_column][vc_column width=&#8220;1\/6&#8243;][\/vc_column][\/vc_row][vc_row][vc_column][vc_empty_space height=&#8220;50px&#8220;][vc_btn title=&#8220;DATENSCHUTZ&#8220; size=&#8220;xs&#8220; link=&#8220;url:https%3A%2F%2Fvisaforgermany.de%2Fde%2Fdatenschutz%2F|&#8220;][vc_btn title=&#8220;IMPRESSUM&#8220; size=&#8220;xs&#8220; link=&#8220;url:https%3A%2F%2Fvisaforgermany.de%2Fde%2Fimpressum%2F|&#8220;][\/vc_column][\/vc_row]<\/p>\n<\/section>","protected":false},"excerpt":{"rendered":"<p>[vc_row][vc_column][vc_empty_space height=&#8220;50px&#8220;][\/vc_column][\/vc_row][vc_row][vc_column][vc_single_image image=&#8220;1943&#8243; img_size=&#8220;1000&#215;600&#8243; alignment=&#8220;center&#8220; style=&#8220;vc_box_shadow_border&#8220; css_animation=&#8220;none&#8220;][\/vc_column][\/vc_row][vc_row][vc_column][vc_empty_space height=&#8220;50px&#8220;][\/vc_column][\/vc_row][vc_row][vc_column width=&#8220;1\/6&#8243;][\/vc_column][vc_column width=&#8220;2\/3&#8243;][vc_column_text]Wenn Sie als F\u00fchrungskraft, Spezialistin bzw. Spezialist oder Trainee in einem Unternehmen au\u00dferhalb der EU arbeiten und an einem oder mehreren Unternehmensstandorten innnerhalb der EU eingesetzt werden sollen, dann kommt f\u00fcr Sie der unternehmensinterne Transfer (ICT \u2013 Intra-Corporate-Transfer) in Betracht. Hierf\u00fcr erhalten Sie in dem EU-Mitgliedstaat, [&hellip;]<\/p>\n","protected":false},"author":1,"featured_media":0,"parent":0,"menu_order":0,"comment_status":"closed","ping_status":"closed","template":"page.php","meta":{"footnotes":""},"class_list":["post-2006","page","type-page","status-publish","hentry"],"_links":{"self":[{"href":"https:\/\/visaforgermany.de\/de\/wp-json\/wp\/v2\/pages\/2006","targetHints":{"allow":["GET"]}}],"collection":[{"href":"https:\/\/visaforgermany.de\/de\/wp-json\/wp\/v2\/pages"}],"about":[{"href":"https:\/\/visaforgermany.de\/de\/wp-json\/wp\/v2\/types\/page"}],"author":[{"embeddable":true,"href":"https:\/\/visaforgermany.de\/de\/wp-json\/wp\/v2\/users\/1"}],"replies":[{"embeddable":true,"href":"https:\/\/visaforgermany.de\/de\/wp-json\/wp\/v2\/comments?post=2006"}],"version-history":[{"count":26,"href":"https:\/\/visaforgermany.de\/de\/wp-json\/wp\/v2\/pages\/2006\/revisions"}],"predecessor-version":[{"id":2754,"href":"https:\/\/visaforgermany.de\/de\/wp-json\/wp\/v2\/pages\/2006\/revisions\/2754"}],"wp:attachment":[{"href":"https:\/\/visaforgermany.de\/de\/wp-json\/wp\/v2\/media?parent=2006"}],"curies":[{"name":"wp","href":"https:\/\/api.w.org\/{rel}","templated":true}]}}