{"id":2011,"date":"2023-05-29T09:46:41","date_gmt":"2023-05-29T07:46:41","guid":{"rendered":"https:\/\/visaforgermany.de\/familie-studenten-2\/"},"modified":"2023-07-02T19:20:28","modified_gmt":"2023-07-02T17:20:28","slug":"familie-studenten-2","status":"publish","type":"page","link":"https:\/\/visaforgermany.de\/de\/familie-studenten-2\/","title":{"rendered":"Familie &amp; Studenten"},"content":{"rendered":"<section class=\"wpb-content-wrapper\"><p>[vc_row][vc_column][vc_empty_space height=&#8220;50px&#8220;][\/vc_column][\/vc_row][vc_row][vc_column][vc_single_image image=&#8220;1939&#8243; img_size=&#8220;1000&#215;600&#8243; alignment=&#8220;center&#8220; style=&#8220;vc_box_shadow_border&#8220; css_animation=&#8220;none&#8220;][\/vc_column][\/vc_row][vc_row][vc_column][vc_empty_space height=&#8220;50px&#8220;][\/vc_column][\/vc_row][vc_row][vc_column width=&#8220;1\/6&#8243;][\/vc_column][vc_column width=&#8220;2\/3&#8243;][vc_column_text]<\/p>\n<h2>FAMILIE<\/h2>\n<p>Ehe und Familie haben in Deutschland einen besonderen Stellenwert, der verfassungsrechtlich gesch\u00fctzt ist. Dieser Schutz gilt auch f\u00fcr Einwanderinnen und Einwanderer. Wer keine EU-Staatsangeh\u00f6rigkeit besitzt, hat unter bestimmten Voraussetzungen die M\u00f6glichkeit eines Familiennachzugs.<\/p>\n<p>Das Nachzugsrecht gilt allgemein f\u00fcr die Kernfamilie, also f\u00fcr Ehegatten, minderj\u00e4hrige Kinder und f\u00fcr Eltern von minderj\u00e4hrigen Kindern.<\/p>\n<p>Der Familiennachzug zu Drittstaatsangeh\u00f6rigen ist m\u00f6glich, wenn der bereits in Deutschland lebende Familienangeh\u00f6rige im Besitz einer Aufenthaltserlaubnis, Erlaubnis zum Daueraufenthalt-EU oder Niederlassungserlaubnis ist, \u00fcber ausreichenden Wohnraum verf\u00fcgt und der Lebensunterhalt gesichert ist.<\/p>\n<p>&nbsp;<\/p>\n<h3>1. Voraussetzungen<\/h3>\n<p>Die Voraussetzungen und das Verfahren f\u00fcr einen Familiennachzug h\u00e4ngen von vielen Faktoren ab, unter anderem welche Nationalit\u00e4t ihr Partner hat und zu welchem Zweck er sich in Deutschland aufh\u00e4lt.<\/p>\n<p>Auch wenn Ihr Lebenspartner oder Ihre Lebenspartnerin aus einem Drittstaat kommt, k\u00f6nnen Sie sich auf eine gemeinsame Zukunft in Deutschland freuen. F\u00fcr den Ehegattennachzug m\u00fcssen folgende Voraussetzungen erf\u00fcllt werden:<\/p>\n<ul>\n<li><strong>Aufenthaltstitel<\/strong>: Sie haben als Arbeitnehmerin oder Arbeitnehmer eine Aufenthalts- oder Niederlassungserlaubnis oder eine \u201eBlaue Karte EU\u201c f\u00fcr Deutschland.<\/li>\n<li><strong>Ausreichender Wohnraum<\/strong>: Sie haben erfolgreich eine Wohnung in Deutschland gemietet, die ausreichend Platz f\u00fcr Ihre Familie bietet.<\/li>\n<li><strong>Krankenversicherung &amp; Einkommen<\/strong>: Sie verf\u00fcgen \u00fcber einen ausreichenden Krankenversicherungsschutz und finanzielle Mittel, um f\u00fcr Ihre Familie zu sorgen.<\/li>\n<li><strong>Vollj\u00e4hrigkeit<\/strong>: Ihr Ehepartner ist vollj\u00e4hrig, also mindestens 18 Jahre alt.<\/li>\n<\/ul>\n<p>&nbsp;<\/p>\n<p><strong>Gerne beraten wir Sie speziell auf Ihren Fall zugeschnitten. <em><a href=\"https:\/\/visaforgermany.de\/de\/kontakt\/\">Kontaktieren Sie uns.<\/a><\/em><\/strong><\/p>\n<p>&nbsp;<\/p>\n<h3>2. Verfahren<\/h3>\n<ul>\n<li>Voraussetzungen pr\u00fcfen (hierbei unterst\u00fctzen wir Sie)<\/li>\n<li>Terminbuchung bei der zust\u00e4ndigen Botschaft im Ausland (hierbei unterst\u00fctzen wir Sie)<\/li>\n<li>Unterlagen vorbereiten (hierbei unterst\u00fctzen wir Sie)<\/li>\n<li>Pers\u00f6nliche Vorsprache bei der zust\u00e4ndigen deutschen Auslandsvertretung<\/li>\n<li>Visum beantragen (hierbei unterst\u00fctzen wir Sie)<\/li>\n<li>Einreise nach Deutschland<\/li>\n<li>Anmeldung des Wohnsitzes beim Einwohnermeldeamt (hierbei unterst\u00fctzen wir Sie)<\/li>\n<li>Beantragung des Aufenthaltstitels bei der zust\u00e4ndigen Ausl\u00e4nderbeh\u00f6rde (hierbei unterst\u00fctzen wir Sie)<\/li>\n<\/ul>\n<p>&nbsp;<\/p>\n<p>Die Botschaft ben\u00f6tigt zur Visumerteilung die Zustimmung der zust\u00e4ndigen inl\u00e4ndischen Ausl\u00e4nderbeh\u00f6rde. Auf die Bearbeitungsdauer des Antrags bei der Ausl\u00e4nderbeh\u00f6rde hat die Botschaft keinen Einfluss. Erfahrungsgem\u00e4\u00df nimmt die Bearbeitung durchschnittlich 8 Wochen in Anspruch.<\/p>\n<p>Mit der Erteilung des Aufenthaltstitels erh\u00e4lt der zugezogene Ehegatte oder die zugezogene Ehegattin sofort das uneingeschr\u00e4nkte Recht, einer Erwerbst\u00e4tigkeit in Deutschland nachzugehen.<\/p>\n<p>&nbsp;<\/p>\n<h3>3. Kosten<\/h3>\n<p>Die Visumbeantragung zur Familienzusammenf\u00fchrung mit einem deutschen Staatsangeh\u00f6rigen oder EU-B\u00fcrger ist kostenlos.<\/p>\n<p>F\u00fcr den Visumantrag zur Familienzusammenf\u00fchrung zum ausl\u00e4ndischen Staatsangeh\u00f6rigen werden Geb\u00fchren in H\u00f6he von EUR 75,00 (ca. USD 80,00) erhoben.<\/p>\n<p>&nbsp;<\/p>\n<p><strong>Gerne unterst\u00fctzen wir Sie bei den erforderlichen Schritten und lassen Ihnen hierzu alle erforderlichen Informationen, n\u00fctzliche \u00dcbersichten und Checklisten zukommen und stehen in pers\u00f6nlichen Telefonaten gerne f\u00fcr jegliche R\u00fcckfragen zur Verf\u00fcgung.<\/strong><\/p>\n<p><strong><em><a href=\"https:\/\/visaforgermany.de\/de\/kontakt\/\">Kontaktieren Sie uns.<\/a><\/em><\/strong><\/p>\n<h2><\/h2>\n<p>&nbsp;<\/p>\n<h2>STUDENTEN<\/h2>\n<p>Sie m\u00f6chten in Deutschland studieren? Ein Studium in Deutschland er\u00f6ffnet viele attraktive M\u00f6glichkeiten. Es gibt viele internationale Studienprogramme und die Geb\u00fchren sind gering. Hierzu k\u00f6nnen Sie ein Visum zum Zweck des Studiums in Deutschland erhalten.<\/p>\n<p>Deutschland zieht aufgrund der gro\u00dfen Auswahl an Studienprogrammen und der niedrigen Geb\u00fchren jedes Jahr viele internationale Studierende an. Hier finden Sie Informationen zur Beantragung eines Studentenvisums.<\/p>\n<p>Ein Studentenvisum umfasst auch studienvorbereitende Ma\u00dfnahmen, wie zum Beispiel Sprachkurse oder den Besuch eines Studienkollegs oder einer \u00e4hnlichen Einrichtung sowie ein Promotionsstudium als Vollzeitstudienprogramm an einer deutschen Hochschule.<\/p>\n<p>&nbsp;<\/p>\n<h3>1. Voraussetzungen<\/h3>\n<ul>\n<li><strong>Studentenstatus<\/strong>: Sie haben eine Zulassung an einer staatlich anerkannten Hochschule in Deutschland.<\/li>\n<li><strong>Schulabschluss \/ Hochschulabschluss<\/strong>: Sie k\u00f6nnen einen Schulabschluss mit Hochschulzugang beziehungsweise einen anerkannten Hochschulabschluss nachweisen.<\/li>\n<li><strong>Gesicherter Lebensunterhalt<\/strong>: Ihr Lebensunterhalt ist f\u00fcr die Dauer des Studiums gesichert. Dies k\u00f6nnen Sie in Form eines Sperrkontos (grunds\u00e4tzlich mind. EUR 11.208,00 \u2013 ca. USD 12.000,00 &#8211; pro Jahr; Betrag g\u00fcltig f\u00fcr das Jahr 2023), Stipendiums oder einer Verpflichtungserkl\u00e4rung nachweisen.<\/li>\n<li><strong>Ggf. Sprachkenntnisse<\/strong>: Abh\u00e4ngig von den Studienvoraussetzungen Ihres Studiengangs m\u00fcssen Sie evtl. f\u00fcr das Studium erforderliche Sprachkenntnisse gegen\u00fcber der deutschen Botschaft beziehungsweise dem Konsulat nachweisen. Sollten Sie Deutschkenntnisse nachweisen m\u00fcssen, ist in der Regel das Sprachniveau B2 des Gemeinsamen europ\u00e4ischen Referenzrahmens f\u00fcr Sprachen (GER) erforderlich.<\/li>\n<\/ul>\n<p>&nbsp;<\/p>\n<h3>2. Verfahren<\/h3>\n<ul>\n<li>Voraussetzungen pr\u00fcfen (hierbei unterst\u00fctzen wir Sie)<\/li>\n<li>Terminbuchung bei der zust\u00e4ndigen Botschaft im Ausland (hierbei unterst\u00fctzen wir Sie)<\/li>\n<li>Unterlagen vorbereiten (hierbei unterst\u00fctzen wir Sie)<\/li>\n<li>Pers\u00f6nliche Vorsprache bei der zust\u00e4ndigen deutschen Auslandsvertretung<\/li>\n<li>Visum beantragen (hierbei unterst\u00fctzen wir Sie)<\/li>\n<li>Einreise nach Deutschland<\/li>\n<li>Anmeldung des Wohnsitzes beim Einwohnermeldeamt (hierbei unterst\u00fctzen wir Sie)<\/li>\n<li>Beantragung des Aufenthaltstitels bei der zust\u00e4ndigen Ausl\u00e4nderbeh\u00f6rde (hierbei unterst\u00fctzen wir Sie)<\/li>\n<\/ul>\n<p>&nbsp;<\/p>\n<h3>3. Kosten<\/h3>\n<p>F\u00fcr den Visumantrag im Ausland werden Geb\u00fchren in H\u00f6he von EUR 75,00 (ca. USD 80,00) erhoben.<\/p>\n<p>F\u00fcr die Erteilung des Aufenthaltstitels k\u00f6nnen in Deutschland werden Geb\u00fchren in H\u00f6he von bis zu EUR 100,00 (ca. USD 110,00) erhoben.<\/p>\n<p>&nbsp;<\/p>\n<p><strong>Gerne unterst\u00fctzen wir Sie bei den erforderlichen Schritten und lassen Ihnen hierzu alle erforderlichen Informationen, n\u00fctzliche \u00dcbersichten und Checklisten zukommen und stehen in pers\u00f6nlichen Telefonaten gerne f\u00fcr jegliche R\u00fcckfragen zur Verf\u00fcgung.<\/strong><\/p>\n<p><em><strong><a href=\"https:\/\/visaforgermany.de\/de\/kontakt\/\">Kontaktieren Sie uns.<\/a><\/strong><\/em>[\/vc_column_text][\/vc_column][vc_column width=&#8220;1\/6&#8243;][\/vc_column][\/vc_row][vc_row][vc_column][vc_empty_space height=&#8220;50px&#8220;][vc_btn title=&#8220;DATENSCHUTZ&#8220; size=&#8220;xs&#8220; link=&#8220;url:https%3A%2F%2Fvisaforgermany.de%2Fde%2Fdatenschutz%2F|&#8220;][vc_btn title=&#8220;IMPRESSUM&#8220; size=&#8220;xs&#8220; link=&#8220;url:https%3A%2F%2Fvisaforgermany.de%2Fde%2Fimpressum%2F|&#8220;][\/vc_column][\/vc_row]<\/p>\n<\/section>","protected":false},"excerpt":{"rendered":"<p>[vc_row][vc_column][vc_empty_space height=&#8220;50px&#8220;][\/vc_column][\/vc_row][vc_row][vc_column][vc_single_image image=&#8220;1939&#8243; img_size=&#8220;1000&#215;600&#8243; alignment=&#8220;center&#8220; style=&#8220;vc_box_shadow_border&#8220; css_animation=&#8220;none&#8220;][\/vc_column][\/vc_row][vc_row][vc_column][vc_empty_space height=&#8220;50px&#8220;][\/vc_column][\/vc_row][vc_row][vc_column width=&#8220;1\/6&#8243;][\/vc_column][vc_column width=&#8220;2\/3&#8243;][vc_column_text] FAMILIE Ehe und Familie haben in Deutschland einen besonderen Stellenwert, der verfassungsrechtlich gesch\u00fctzt ist. Dieser Schutz gilt auch f\u00fcr Einwanderinnen und Einwanderer. Wer keine EU-Staatsangeh\u00f6rigkeit besitzt, hat unter bestimmten Voraussetzungen die M\u00f6glichkeit eines Familiennachzugs. Das Nachzugsrecht gilt allgemein f\u00fcr die Kernfamilie, also f\u00fcr Ehegatten, minderj\u00e4hrige [&hellip;]<\/p>\n","protected":false},"author":1,"featured_media":0,"parent":0,"menu_order":0,"comment_status":"closed","ping_status":"closed","template":"page.php","meta":{"footnotes":""},"class_list":["post-2011","page","type-page","status-publish","hentry"],"_links":{"self":[{"href":"https:\/\/visaforgermany.de\/de\/wp-json\/wp\/v2\/pages\/2011","targetHints":{"allow":["GET"]}}],"collection":[{"href":"https:\/\/visaforgermany.de\/de\/wp-json\/wp\/v2\/pages"}],"about":[{"href":"https:\/\/visaforgermany.de\/de\/wp-json\/wp\/v2\/types\/page"}],"author":[{"embeddable":true,"href":"https:\/\/visaforgermany.de\/de\/wp-json\/wp\/v2\/users\/1"}],"replies":[{"embeddable":true,"href":"https:\/\/visaforgermany.de\/de\/wp-json\/wp\/v2\/comments?post=2011"}],"version-history":[{"count":24,"href":"https:\/\/visaforgermany.de\/de\/wp-json\/wp\/v2\/pages\/2011\/revisions"}],"predecessor-version":[{"id":2269,"href":"https:\/\/visaforgermany.de\/de\/wp-json\/wp\/v2\/pages\/2011\/revisions\/2269"}],"wp:attachment":[{"href":"https:\/\/visaforgermany.de\/de\/wp-json\/wp\/v2\/media?parent=2011"}],"curies":[{"name":"wp","href":"https:\/\/api.w.org\/{rel}","templated":true}]}}