{"id":2016,"date":"2023-05-29T09:49:26","date_gmt":"2023-05-29T07:49:26","guid":{"rendered":"https:\/\/visaforgermany.de\/beschleunigtes-fachkraefteverfahren\/"},"modified":"2024-02-28T22:12:00","modified_gmt":"2024-02-28T20:12:00","slug":"beschleunigtes-fachkraefteverfahren","status":"publish","type":"page","link":"https:\/\/visaforgermany.de\/de\/beschleunigtes-fachkraefteverfahren\/","title":{"rendered":"Beschleunigtes Fachkr\u00e4fteverfahren"},"content":{"rendered":"<section class=\"wpb-content-wrapper\"><p>[vc_row][vc_column][vc_empty_space height=&#8220;50px&#8220;][\/vc_column][\/vc_row][vc_row][vc_column][vc_single_image image=&#8220;1927&#8243; img_size=&#8220;1000&#215;600&#8243; alignment=&#8220;center&#8220; style=&#8220;vc_box_shadow_border&#8220; css_animation=&#8220;none&#8220;][\/vc_column][\/vc_row][vc_row][vc_column][vc_empty_space height=&#8220;50px&#8220;][\/vc_column][\/vc_row][vc_row][vc_column width=&#8220;1\/6&#8243;][\/vc_column][vc_column width=&#8220;2\/3&#8243;][vc_column_text]Das beschleunigte Fachkr\u00e4fteverfahren kann das Verwaltungsverfahren von der Zusage der Fachkraft bis zum ersten Arbeitstag wesentlich verk\u00fcrzen. Erfahren Sie hier, in welchen Schritten Sie dabei vorgehen m\u00fcssen.<\/p>\n<p>Sie haben sich f\u00fcr die Anstellung einer ausl\u00e4ndischen Fachkraft entschieden und m\u00f6chten das Verwaltungsverfahren bis zur Erteilung des Visums beschleunigen? In manchen L\u00e4ndern kommt es aufgrund steigender Antragszahlen in den deutschen Botschaften zu Engp\u00e4ssen in der Termin- und Visumvergabe. Das sogenannte beschleunigte Fachkr\u00e4fteverfahren soll Abhilfe schaffen.<\/p>\n<p>&nbsp;<\/p>\n<h3>1. Voraussetzungen &amp; Verfahren<\/h3>\n<ul>\n<li><strong>Bevollm\u00e4chtigung des Arbeitgebers durch die Fachkraft<\/strong>: Um das beschleunigte Fachkr\u00e4fteverfahren zu beantragen, ben\u00f6tigen Sie eine Vollmacht Ihrer zuk\u00fcnftigen Fachkraft.<\/li>\n<li><strong>Kontaktaufnahme mit der Ausl\u00e4nderbeh\u00f6rde in Deutschland<\/strong><\/li>\n<li><strong>Abschluss einer Vereinbarung zwischen Arbeitgeber und Ausl\u00e4nderbeh\u00f6rde<\/strong>: Die Ausl\u00e4nderbeh\u00f6rde und der Arbeitgeber schlie\u00dfen eine Vereinbarung, die unter anderem die Verpflichtungen des Arbeitgebers, die der Fachkraft und der beteiligten Beh\u00f6rden (Ausl\u00e4nderbeh\u00f6rde, Bundesagentur f\u00fcr Arbeit, Anerkennungsstellen, deutsche Auslandsvertretung) beinhaltet. Dar\u00fcber hinaus erhalten Sie eine Beschreibung der Abl\u00e4ufe, einschlie\u00dflich Nennung der Beteiligten, der beizubringenden Nachweise und der Fristen.<\/li>\n<li><strong>Bearbeitungsgeb\u00fchr<\/strong>: Beim Abschluss der Vereinbarung mit der Ausl\u00e4nderbeh\u00f6rde wird f\u00fcr die Durchf\u00fchrung des beschleunigten Fachkr\u00e4fteverfahrens von der Ausl\u00e4nderbeh\u00f6rde eine Bearbeitungsgeb\u00fchr von EUR 411,00 (ca. USD 440,00) erhoben.<\/li>\n<li><strong>Anerkennung der ausl\u00e4ndischen Qualifikation<\/strong>: Die Vergleichbarkeit der ausl\u00e4ndischen Qualifikation mit einem deutschen Bildungsabschluss ist in der Regel Voraussetzung f\u00fcr die Erteilung eines Visums f\u00fcr Fachkr\u00e4fte aus Drittstaaten. Die Ausl\u00e4nderbeh\u00f6rde leitet das Verfahren zur Anerkennung bzw. Gleichwertigkeitspr\u00fcfung der ausl\u00e4ndischen Qualifikationen ein.<\/li>\n<li>Die zust\u00e4ndigen Stellen sollen <strong>innerhalb von zwei Monaten <\/strong>nach Vorliegen der vollst\u00e4ndigen Antragsunterlagen \u00fcber die Anerkennung entscheiden.<\/li>\n<li><strong>Zustimmungsverfahren <\/strong>der Bundesagentur f\u00fcr Arbeit<\/li>\n<li><strong>Erteilung der Vorabzustimmung f\u00fcr den Visumantrag<\/strong><\/li>\n<li><strong>Visumantragstellung im Ausland<\/strong><\/li>\n<\/ul>\n<p>&nbsp;<\/p>\n<h3>2. Kosten<\/h3>\n<p>Die Geb\u00fchr, die die Ausl\u00e4nderbeh\u00f6rde f\u00fcr dieses Verfahren erhebt, betr\u00e4gt EUR 411,00 (ca. USD 440,00).<\/p>\n<p>Anders als viele Rechtsanwaltskanzleien wollen wir kein Stundenhonorar mit unseren Kunden vereinbaren, um diese vor hohen Kosten abzusichern, sondern setzen vielmehr auf einen Fixpreis. Kontaktieren Sie uns gerne f\u00fcr weitere Informationen.<\/p>\n<p>&nbsp;<\/p>\n<h3>3. G\u00fcltigkeit<\/h3>\n<p>Die Dauer der G\u00fcltigkeit h\u00e4ngt von der jeweiligen Art des Aufenthaltstitels ab.<\/p>\n<p>&nbsp;<\/p>\n<p><strong>Gerne unterst\u00fctzen wir Sie bei den erforderlichen Schritten und lassen Ihnen hierzu alle erforderlichen Informationen, n\u00fctzliche \u00dcbersichten und Checklisten zukommen und stehen in pers\u00f6nlichen Telefonaten gerne f\u00fcr jegliche R\u00fcckfragen zur Verf\u00fcgung.<\/strong><\/p>\n<p><strong><em><a href=\"https:\/\/visaforgermany.de\/de\/kontakt\/\">Kontaktieren Sie uns.<\/a><\/em><\/strong>[\/vc_column_text][\/vc_column][vc_column width=&#8220;1\/6&#8243;][\/vc_column][\/vc_row][vc_row][vc_column][vc_empty_space height=&#8220;50px&#8220;][vc_btn title=&#8220;DATENSCHUTZ&#8220; size=&#8220;xs&#8220; link=&#8220;url:https%3A%2F%2Fvisaforgermany.de%2Fde%2Fdatenschutz%2F|&#8220;][vc_btn title=&#8220;IMPRESSUM&#8220; size=&#8220;xs&#8220; link=&#8220;url:https%3A%2F%2Fvisaforgermany.de%2Fde%2Fimpressum%2F|&#8220;][\/vc_column][\/vc_row]<\/p>\n<\/section>","protected":false},"excerpt":{"rendered":"<p>[vc_row][vc_column][vc_empty_space height=&#8220;50px&#8220;][\/vc_column][\/vc_row][vc_row][vc_column][vc_single_image image=&#8220;1927&#8243; img_size=&#8220;1000&#215;600&#8243; alignment=&#8220;center&#8220; style=&#8220;vc_box_shadow_border&#8220; css_animation=&#8220;none&#8220;][\/vc_column][\/vc_row][vc_row][vc_column][vc_empty_space height=&#8220;50px&#8220;][\/vc_column][\/vc_row][vc_row][vc_column width=&#8220;1\/6&#8243;][\/vc_column][vc_column width=&#8220;2\/3&#8243;][vc_column_text]Das beschleunigte Fachkr\u00e4fteverfahren kann das Verwaltungsverfahren von der Zusage der Fachkraft bis zum ersten Arbeitstag wesentlich verk\u00fcrzen. Erfahren Sie hier, in welchen Schritten Sie dabei vorgehen m\u00fcssen. Sie haben sich f\u00fcr die Anstellung einer ausl\u00e4ndischen Fachkraft entschieden und m\u00f6chten das Verwaltungsverfahren bis zur Erteilung des Visums [&hellip;]<\/p>\n","protected":false},"author":1,"featured_media":0,"parent":0,"menu_order":0,"comment_status":"closed","ping_status":"closed","template":"page.php","meta":{"footnotes":""},"class_list":["post-2016","page","type-page","status-publish","hentry"],"_links":{"self":[{"href":"https:\/\/visaforgermany.de\/de\/wp-json\/wp\/v2\/pages\/2016","targetHints":{"allow":["GET"]}}],"collection":[{"href":"https:\/\/visaforgermany.de\/de\/wp-json\/wp\/v2\/pages"}],"about":[{"href":"https:\/\/visaforgermany.de\/de\/wp-json\/wp\/v2\/types\/page"}],"author":[{"embeddable":true,"href":"https:\/\/visaforgermany.de\/de\/wp-json\/wp\/v2\/users\/1"}],"replies":[{"embeddable":true,"href":"https:\/\/visaforgermany.de\/de\/wp-json\/wp\/v2\/comments?post=2016"}],"version-history":[{"count":23,"href":"https:\/\/visaforgermany.de\/de\/wp-json\/wp\/v2\/pages\/2016\/revisions"}],"predecessor-version":[{"id":2749,"href":"https:\/\/visaforgermany.de\/de\/wp-json\/wp\/v2\/pages\/2016\/revisions\/2749"}],"wp:attachment":[{"href":"https:\/\/visaforgermany.de\/de\/wp-json\/wp\/v2\/media?parent=2016"}],"curies":[{"name":"wp","href":"https:\/\/api.w.org\/{rel}","templated":true}]}}