{"id":2020,"date":"2023-05-29T09:49:21","date_gmt":"2023-05-29T07:49:21","guid":{"rendered":"https:\/\/visaforgermany.de\/sonstige-dienstleistungen\/"},"modified":"2024-06-17T19:44:10","modified_gmt":"2024-06-17T17:44:10","slug":"sonstige-dienstleistungen","status":"publish","type":"page","link":"https:\/\/visaforgermany.de\/de\/sonstige-dienstleistungen\/","title":{"rendered":"Sonstige Dienstleistungen"},"content":{"rendered":"<section class=\"wpb-content-wrapper\"><p>[vc_row][vc_column][vc_empty_space height=&#8220;50px&#8220;][\/vc_column][\/vc_row][vc_row][vc_column][vc_single_image image=&#8220;1947&#8243; img_size=&#8220;1000&#215;600&#8243; alignment=&#8220;center&#8220; style=&#8220;vc_box_shadow_border&#8220; css_animation=&#8220;none&#8220;][\/vc_column][\/vc_row][vc_row][vc_column][vc_empty_space height=&#8220;50px&#8220;][\/vc_column][\/vc_row][vc_row][vc_column width=&#8220;1\/6&#8243;][\/vc_column][vc_column width=&#8220;2\/3&#8243;][vc_column_text]Ab der Einreise nach Deutschland ist bei uns nicht Schluss. Wir wollen Sie bis Normalit\u00e4t eingekehrt ist vollst\u00e4ndig unterst\u00fctzen. Die unten genannten Leistungen stellen nur einen Ausschnitt unserer Zusatzleistungen dar. Teilen Sie uns gerne mit, wie wir Sie dar\u00fcber hinaus noch unterst\u00fctzen k\u00f6nnen.<\/p>\n<h3><\/h3>\n<p>&nbsp;<\/p>\n<h3>1. Meldebeh\u00f6rde \/ Beh\u00f6rdeng\u00e4nge<\/h3>\n<p>Nach der Einreise in Deutschland sind Ausl\u00e4nder verpflichtet, sich bei dem zust\u00e4ndigen Einwohnermeldeamt und bei der Ausl\u00e4nderbeh\u00f6rde anzumelden. Kommen Ausl\u00e4nder dieser Pflicht nicht nach, drohen immense Bu\u00dfgelder und im worst case sogar die Ausweisung aus Deutschland.<br \/>\nWir stehen Ihnen gerne zu Verf\u00fcgung und begleiten Sie bei allen Arten von Beh\u00f6rdeng\u00e4ngen pers\u00f6nlich.<\/p>\n<p>&nbsp;<\/p>\n<h3>2. F\u00fchrerschein<\/h3>\n<p>Deutschland ist ein Land der Individualmobilit\u00e4t. Abh\u00e4ngig von dem Herkunftsland werden bestehende Fahrerlaubnisse anerkannt. Zumindest befristet. Denn oft ist es erforderlich, noch einmal in Deutschland einen Theorietest oder eine praktische Fahrpr\u00fcfung abzulegen.<\/p>\n<p>Alle Einzelheiten hierzu pr\u00fcfen wir gerne zusammen mit Ihnen und unterst\u00fctzen Sie bei der Auswahl einer Fahrschule und den erforderlichen Schritten zur Erlangung der dauerhaften Fahrerlaubnis in Deutschland.<\/p>\n<p>&nbsp;<\/p>\n<h3>3. Krankenversicherung<\/h3>\n<p>Ob Gesch\u00e4ftsf\u00fchrer Arbeitnehmer, Studenten oder Familienmitglied. Die Gesundheit ist das Wichtigste. In Deutschland besteht daher Versicherungspflicht in Krankenkassen. Zu unterscheiden ist grunds\u00e4tzlich zwischen dem gesetzlichen und privaten Versicherungszweig.<\/p>\n<p>Visum, Aufenthaltstitel, Arbeitsagentur. Das k\u00f6nnen wir. Von Versicherungen haben wir keine Ahnung. Hier k\u00f6nnen wir allerdings zertifizierte und unabh\u00e4ngige Berater empfehlen, die Sie gerne in einem kostenlosen Erstgespr\u00e4ch \u00fcber erforderliche und n\u00fctzliche Versicherungen unterrichten.<\/p>\n<p>&nbsp;<\/p>\n<p><strong>Gerne unterst\u00fctzen wir Sie bei den erforderlichen Schritten und lassen Ihnen hierzu alle erforderlichen Informationen, n\u00fctzliche \u00dcbersichten und Checklisten zukommen und stehen in pers\u00f6nlichen Telefonaten gerne f\u00fcr jegliche R\u00fcckfragen zur Verf\u00fcgung.<\/strong><\/p>\n<p><strong><em><a href=\"https:\/\/visaforgermany.de\/de\/kontakt\/\">Kontaktieren Sie uns.<\/a><\/em><\/strong>[\/vc_column_text][\/vc_column][vc_column width=&#8220;1\/6&#8243;][\/vc_column][\/vc_row][vc_row][vc_column][vc_empty_space height=&#8220;50px&#8220;][vc_btn title=&#8220;DATENSCHUTZ&#8220; size=&#8220;xs&#8220; link=&#8220;url:https%3A%2F%2Fvisaforgermany.de%2Fde%2Fdatenschutz%2F|&#8220;][vc_btn title=&#8220;IMPRESSUM&#8220; size=&#8220;xs&#8220; link=&#8220;url:https%3A%2F%2Fvisaforgermany.de%2Fde%2Fimpressum%2F|&#8220;][\/vc_column][\/vc_row]<\/p>\n<\/section>","protected":false},"excerpt":{"rendered":"<p>[vc_row][vc_column][vc_empty_space height=&#8220;50px&#8220;][\/vc_column][\/vc_row][vc_row][vc_column][vc_single_image image=&#8220;1947&#8243; img_size=&#8220;1000&#215;600&#8243; alignment=&#8220;center&#8220; style=&#8220;vc_box_shadow_border&#8220; css_animation=&#8220;none&#8220;][\/vc_column][\/vc_row][vc_row][vc_column][vc_empty_space height=&#8220;50px&#8220;][\/vc_column][\/vc_row][vc_row][vc_column width=&#8220;1\/6&#8243;][\/vc_column][vc_column width=&#8220;2\/3&#8243;][vc_column_text]Ab der Einreise nach Deutschland ist bei uns nicht Schluss. Wir wollen Sie bis Normalit\u00e4t eingekehrt ist vollst\u00e4ndig unterst\u00fctzen. Die unten genannten Leistungen stellen nur einen Ausschnitt unserer Zusatzleistungen dar. Teilen Sie uns gerne mit, wie wir Sie dar\u00fcber hinaus noch unterst\u00fctzen k\u00f6nnen. &nbsp; 1. Meldebeh\u00f6rde [&hellip;]<\/p>\n","protected":false},"author":1,"featured_media":0,"parent":0,"menu_order":0,"comment_status":"closed","ping_status":"closed","template":"page.php","meta":{"footnotes":""},"class_list":["post-2020","page","type-page","status-publish","hentry"],"_links":{"self":[{"href":"https:\/\/visaforgermany.de\/de\/wp-json\/wp\/v2\/pages\/2020","targetHints":{"allow":["GET"]}}],"collection":[{"href":"https:\/\/visaforgermany.de\/de\/wp-json\/wp\/v2\/pages"}],"about":[{"href":"https:\/\/visaforgermany.de\/de\/wp-json\/wp\/v2\/types\/page"}],"author":[{"embeddable":true,"href":"https:\/\/visaforgermany.de\/de\/wp-json\/wp\/v2\/users\/1"}],"replies":[{"embeddable":true,"href":"https:\/\/visaforgermany.de\/de\/wp-json\/wp\/v2\/comments?post=2020"}],"version-history":[{"count":19,"href":"https:\/\/visaforgermany.de\/de\/wp-json\/wp\/v2\/pages\/2020\/revisions"}],"predecessor-version":[{"id":2826,"href":"https:\/\/visaforgermany.de\/de\/wp-json\/wp\/v2\/pages\/2020\/revisions\/2826"}],"wp:attachment":[{"href":"https:\/\/visaforgermany.de\/de\/wp-json\/wp\/v2\/media?parent=2020"}],"curies":[{"name":"wp","href":"https:\/\/api.w.org\/{rel}","templated":true}]}}