{"id":2350,"date":"2023-09-28T00:37:38","date_gmt":"2023-09-27T22:37:38","guid":{"rendered":"https:\/\/visaforgermany.de\/allgemeine-geschaeftsbedingungen-general-terms-and-conditions\/"},"modified":"2023-09-28T01:31:00","modified_gmt":"2023-09-27T23:31:00","slug":"agb","status":"publish","type":"page","link":"https:\/\/visaforgermany.de\/de\/agb\/","title":{"rendered":"ALLGEMEINE GESCH\u00c4FTSBEDINGUNGEN"},"content":{"rendered":"<section class=\"wpb-content-wrapper\"><p>[vc_row][vc_column][vc_column_text]<strong>Nur die deutsche Version der Allgemeinen Gesch\u00e4ftsbedingungen ist bindend.<\/strong><\/p>\n<p><strong>ALLGEMEINE GESCH\u00c4FTSBEDINGUNGEN<\/strong><\/p>\n<p>&nbsp;<\/p>\n<p>Stand: 28. September 2023<\/p>\n<p>Die nachfolgenden Allgemeinen Gesch\u00e4ftsbedingungen (AGB) regeln das Verh\u00e4ltnis zwischen dem Auftraggeber und der LegalLabs GbR, Sportplatzstra\u00dfe 12, 92421 Schwandorf, Deutschland, nachfolgend \u201eVISALABS\u201c genannt, bei der Inanspruchnahme unserer Angebote \u00fcber das Kontaktformular auf unserer Website und \u00fcber sonstige Kommunikationsmittel (E-Mail, Chat, Telefon, pers\u00f6nlich) f\u00fcr Informationen und Unterst\u00fctzung bei der Organisation eines Aufenthaltes in Deutschland sowie zur Vermittlung von Dienstleistungen, die damit zusammenh\u00e4ngen.<\/p>\n<p><strong>I. ALLGEMEINER TEIL<\/strong><\/p>\n<p><strong>1. ANWENDUNGSBEREICH<\/strong><\/p>\n<p>a. Die vorliegenden AGB regeln das Verh\u00e4ltnis zwischen dem Auftraggeber und \u201cVISALABS\u201d bei der Nutzung der Website und sonstiger Kommunikationsmittel (E-Mail, Chat, Telefon, pers\u00f6nlich) f\u00fcr Informationen und Unterst\u00fctzung bei der Organisation eines Aufenthaltes in Deutschland sowie zur Vermittlung von Dienstleistungen, die damit zusammenh\u00e4ngen.<\/p>\n<p>b. Bei Nutzung der von VISALABS angebotenen Leistungen gelten die AGB in der jeweils aktuellen auf der Website unter www.VISALABS.de\/agb zug\u00e4nglichen Fassung als vereinbart.<\/p>\n<p>c. Die vorliegenden AGB gelten nicht im Verh\u00e4ltnis der Auftraggeber zu Dritten, auch wenn solche Verh\u00e4ltnisse durch Mitwirkung von VISALABS zustande kommen sollten.<\/p>\n<p>d. Soweit nicht ausdr\u00fccklich anders geregelt, gelten f\u00fcr die einzelnen Leistungen die Bestimmungen des allgemeinen Teils (I.) erg\u00e4nzend zu den Bestimmungen des besonderen Teils (II.).<\/p>\n<p>e. Allein der deutsche Text der AGB ist rechtlich bindend. Die englische \u00dcbersetzung dient nur als unverbindliche Hilfestellung f\u00fcr die Auftraggeber. Abweichungen des englischen Textes oder Textverst\u00e4ndnisses ber\u00fchren nicht die ausschlie\u00dfliche G\u00fcltigkeit des deutschen Textes und Textverst\u00e4ndnisses.<\/p>\n<p><strong>2. LEISTUNGEN<\/strong><\/p>\n<p>a. VISALABS bietet \u00fcber seine Website und sonstige Kommunikationsmittel Informationen und Unterst\u00fctzung bei der Organisation eines Aufenthaltes in Deutschland sowie die Vermittlung von damit zusammenh\u00e4ngenden Dienstleistungen, wie sie im Einzelnen im besonderen Teil (II.) beschrieben sind.<\/p>\n<p>b. VISALABS stellt den Auftraggebern seine Leistungen f\u00fcr ein Vertraglich zu vereinbarendes Entgelt.<\/p>\n<p><strong>3. HAFTUNG<\/strong><\/p>\n<p>a. VISALABS wird die den Auftraggebern zur Verf\u00fcgung gestellten Informationen stets auf einem aktuellen, vollst\u00e4ndigen und zutreffenden Stand halten. Allerdings \u00fcbernimmt VISALABS grunds\u00e4tzlich keine Haftung f\u00fcr die Richtigkeit von gegen\u00fcber den Auftraggebern erteilten Informationen. Die Zurverf\u00fcgungstellung von Informationen stellt eine Beratungsleistung seitens VISALABS dar, ersetzt aber unter keinen Umst\u00e4nden eine Rechts- oder Steuerberatung. Keine der erteilten Informationen ist als Garantie aufzufassen. VISALABS beschr\u00e4nkt sich im Rahmen der Information \u00fcber Dienstleistungen und ihrer Vermittlung auf die Angebote einzelner Kooperationspartner, wobei VISALABS f\u00fcr die erfolgreiche Vermittlung eine Provision beziehungsweise Aufwandsentsch\u00e4digung von dem jeweiligen Kooperationspartner erhalten kann.<\/p>\n<p>b. VISALABS beschr\u00e4nkt sich im Rahmen der Information \u00fcber Dienstleistungen und ihrer Vermittlung auf die Angebote einzelner Kooperationspartner, wobei VISALABS f\u00fcr die erfolgreiche Vermittlung eine Provision beziehungsweise Aufwandsentsch\u00e4digung von dem jeweiligen Kooperationspartner erhalten kann. VISALABS \u00fcbernimmt keine Haftung oder Garantie f\u00fcr die Verf\u00fcgbarkeit und den Inhalt der dargestellten Dienstleistungen, bez\u00fcglich derer allein der jeweilige Kooperationspartner die Verantwortung tr\u00e4gt. Im \u00dcbrigen tr\u00e4gt VISALABS keine Verantwortung f\u00fcr die Inhalte auf den Internetseiten seiner Kooperationspartner.<\/p>\n<p>c. VISALABS assumes no liability or guarantee for the availability and content of the services presented, for which the respective cooperation partner alone bears responsibility. Im \u00dcbrigen tr\u00e4gt VISALABS keine Verantwortung f\u00fcr die Inhalte auf den Internetseiten seiner Kooperationspartner.<\/p>\n<p>d. VISALABS \u00fcbernimmt keine Haftung f\u00fcr technische Fehler oder Ausf\u00e4lle auf der Website oder im sonstigen Computer- und Kommunikationssystem, die au\u00dferhalb der Kontrolle von VISALABS liegen. Das betrifft insbesondere Fehler und Ausf\u00e4lle, die auf einem Defekt oder einer \u00dcberlastung der Kommunikationsverbindung beruhen. Eine Haftung ist au\u00dferdem ausgeschlossen, soweit der Auftraggeber es schuldhaft unterl\u00e4sst, VISALABS unverz\u00fcglich auf jegliche technischen Fehler oder Ausf\u00e4lle hinzuweisen. VISALABS garantiert nicht, dass die Website permanent erreichbar ist.<\/p>\n<p><strong>4. PFLICHTEN DES AUFTRAGGEBERS<\/strong><\/p>\n<p>a. a. \u00dcber die vorgesehenen \u00dcbermittlungswege (Website oder sonstige Kommunikationsmittel) hat der Auftraggeber diejenigen pers\u00f6nlichen Informationen bereitzustellen, die eine Inanspruchnahme der Leistungen von VISALABS voraussetzt. Dies betrifft insbesondere Informationen, die einer gegebenenfalls erforderlichen Identifikation des Auftraggebers dienen oder zu deren Einholung eine gesetzliche Pflicht besteht. Der Auftraggeber tr\u00e4gt die Verantwortung daf\u00fcr, dass seine gegen\u00fcber VISALABS get\u00e4tigten Angaben aktuell, vollst\u00e4ndig und zutreffend sind. VISALABS beh\u00e4lt sich vor, Anfragen unbearbeitet zu lassen, die auf falschen oder unzureichenden Angaben beruhen und insofern schuldhaft handelnde Nutzer f\u00fcr entstandene Sch\u00e4den in Anspruch zu nehmen. Vors\u00e4tzlich handelnde Nutzer kann VISALABS dauerhaft von seinen Leistungen ausschlie\u00dfen.<\/p>\n<p>b. Die Auftraggeber sind verpflichtet, Inhalt und Vollst\u00e4ndigkeit eines mit VISALABS geschlossenen Vertrages und dazu erhaltenen Unterlagen unverz\u00fcglich und sorgf\u00e4ltig zu \u00fcberpr\u00fcfen.<\/p>\n<p><strong>5. K\u00dcNDIGUNG<\/strong><\/p>\n<p>M\u00f6glichkeiten zur Vertragsk\u00fcndigung werden einzelvertraglich vereinbart.<\/p>\n<p><strong>6. DATENSCHUTZ<\/strong><\/p>\n<p>Die Angaben zum Datenschutz sind auf unserer Website unter https:\/\/visaforgermany.de\/de\/datenschutz\/ abrufbar.<\/p>\n<p><strong>7. ANWENDBARES RECHT, GERICHTSSTAND<\/strong><\/p>\n<p>Die vertraglichen Beziehungen zwischen dem Auftraggeber und VISALABS richten sich nach dem Recht der Bundesrepublik Deutschland.<\/p>\n<p><strong>II. BESONDERER TEIL<\/strong><\/p>\n<p><strong>1. VERSICHERUNGEN<\/strong><\/p>\n<p>a. VISALABS vermittelt Auftraggeber an kooperierende Versicherer, die Sach-, Lebens- und Krankenversicherungen anbieten.<\/p>\n<p>b. Im Rahmen der in Ziffer II.2.a dargestellten T\u00e4tigkeit ist VISALABS nicht als Versicherungsvertreter im Sinne von \u00a7 34d Absatz 1 der Gewerbeordnung t\u00e4tig und nicht als solcher registriert durch die Industrie- und Handelskammer.<\/p>\n<p><strong>2. SONSTIGE LEISTUNGEN<\/strong><\/p>\n<p>a. Auf unserer Website kann sich der Auftraggeber \u00fcber weitere Dienstleistungen informieren, die unsere Kooperationspartner anbieten. Die Information dar\u00fcber begr\u00fcndet keine vertraglichen Verpflichtungen zwischen dem Auftraggeber und VISALABS. Teilweise kann VISALABS die M\u00f6glichkeit bieten, solche weiteren Dienstleistungen auf Anfrage zu vermitteln, ohne dass VISALABS \u00fcber die Vermittlung hinausgehende Verpflichtungen \u00fcbernimmt.<\/p>\n<p>b. Auf unserer Website kann der Auftraggeber \u00fcber Verlinkungen auf die Homepages unserer Kooperationspartner weitergeleitet werden. Die Nutzung der Links begr\u00fcndet keine vertraglichen Verpflichtungen zwischen dem Auftraggeber und VISALABS.[\/vc_column_text][\/vc_column][\/vc_row]<\/p>\n<\/section>","protected":false},"excerpt":{"rendered":"<p>[vc_row][vc_column][vc_column_text]Nur die deutsche Version der Allgemeinen Gesch\u00e4ftsbedingungen ist bindend. ALLGEMEINE GESCH\u00c4FTSBEDINGUNGEN &nbsp; Stand: 28. September 2023 Die nachfolgenden Allgemeinen Gesch\u00e4ftsbedingungen (AGB) regeln das Verh\u00e4ltnis zwischen dem Auftraggeber und der LegalLabs GbR, Sportplatzstra\u00dfe 12, 92421 Schwandorf, Deutschland, nachfolgend \u201eVISALABS\u201c genannt, bei der Inanspruchnahme unserer Angebote \u00fcber das Kontaktformular auf unserer Website und \u00fcber sonstige Kommunikationsmittel (E-Mail, [&hellip;]<\/p>\n","protected":false},"author":1,"featured_media":0,"parent":0,"menu_order":0,"comment_status":"closed","ping_status":"closed","template":"one-page-template.php","meta":{"footnotes":""},"class_list":["post-2350","page","type-page","status-publish","hentry"],"_links":{"self":[{"href":"https:\/\/visaforgermany.de\/de\/wp-json\/wp\/v2\/pages\/2350","targetHints":{"allow":["GET"]}}],"collection":[{"href":"https:\/\/visaforgermany.de\/de\/wp-json\/wp\/v2\/pages"}],"about":[{"href":"https:\/\/visaforgermany.de\/de\/wp-json\/wp\/v2\/types\/page"}],"author":[{"embeddable":true,"href":"https:\/\/visaforgermany.de\/de\/wp-json\/wp\/v2\/users\/1"}],"replies":[{"embeddable":true,"href":"https:\/\/visaforgermany.de\/de\/wp-json\/wp\/v2\/comments?post=2350"}],"version-history":[{"count":5,"href":"https:\/\/visaforgermany.de\/de\/wp-json\/wp\/v2\/pages\/2350\/revisions"}],"predecessor-version":[{"id":2370,"href":"https:\/\/visaforgermany.de\/de\/wp-json\/wp\/v2\/pages\/2350\/revisions\/2370"}],"wp:attachment":[{"href":"https:\/\/visaforgermany.de\/de\/wp-json\/wp\/v2\/media?parent=2350"}],"curies":[{"name":"wp","href":"https:\/\/api.w.org\/{rel}","templated":true}]}}