{"id":2538,"date":"2024-02-06T23:25:28","date_gmt":"2024-02-06T22:25:28","guid":{"rendered":"https:\/\/visaforgermany.de\/einbuergerung-deutsche-staatsbuergerschaft\/"},"modified":"2025-06-27T15:31:54","modified_gmt":"2025-06-27T13:31:54","slug":"einbuergerung-deutsche-staatsbuergerschaft","status":"publish","type":"page","link":"https:\/\/visaforgermany.de\/de\/einbuergerung-deutsche-staatsbuergerschaft\/","title":{"rendered":"Einb\u00fcrgerung <br> Deutsche Staatsb\u00fcrgerschaft"},"content":{"rendered":"<section class=\"wpb-content-wrapper\"><p>[vc_row][vc_column][vc_empty_space height=&#8220;50px&#8220;][\/vc_column][\/vc_row][vc_row][vc_column][vc_single_image image=&#8220;2301&#8243; img_size=&#8220;1000&#215;600&#8243; alignment=&#8220;center&#8220; style=&#8220;vc_box_shadow_border&#8220; css_animation=&#8220;none&#8220;][\/vc_column][\/vc_row][vc_row][vc_column][vc_empty_space height=&#8220;50px&#8220;][\/vc_column][\/vc_row][vc_row][vc_column width=&#8220;1\/6&#8243;][\/vc_column][vc_column width=&#8220;2\/3&#8243;][vc_column_text]Sie leben in Deutschland und wollen die deutsche Staatsb\u00fcrgerschaft erhalten? Erfahren Sie hier, welche Voraussetzungen Sie f\u00fcr die Einb\u00fcrgerung in Deutschland erf\u00fcllen m\u00fcssen und welche Vorteile die deutsche Staatsb\u00fcrgerschaft mit sich bringt.<\/p>\n<p>Menschen k\u00f6nnen seit dem 2. Februar 2024 in Deutschland schneller eingeb\u00fcrgert werden und unter gewissen Bedingungen dabei auch ihre bisherige Staatsb\u00fcrgerschaft behalten.<\/p>\n<p>&nbsp;<\/p>\n<h3>1. Die wichtigsten \u00c4nderungen<\/h3>\n<ul>\n<li><strong>Schnellere Einb\u00fcrgerung in Deutschland<\/strong>: K\u00fcnftig wird die Einb\u00fcrgerung bereits nach f\u00fcnf statt bisher acht Jahren m\u00f6glich sein. Im Falle von \u201ebesonderen Integrationsleistungen\u201c (z.B. gute Leistungen in Schule oder Beruf oder b\u00fcrgerschaftliches Engagement) ist eine Einb\u00fcrgerung sogar schon nach drei Jahren m\u00f6glich. Kinder ausl\u00e4ndischer Eltern bekommen k\u00fcnftig mit der Geburt die deutsche Staatsb\u00fcrgerschaft, wenn ein Elternteil hierzulande seit f\u00fcnf Jahren rechtm\u00e4\u00dfig wohnt.<\/li>\n<li><strong>Doppelte Staatsb\u00fcrgerschaft<\/strong>: Das deutsche Staatsb\u00fcrgerschaftsrecht verlangte bislang, dass vor einer Einb\u00fcrgerung in Deutschland die urspr\u00fcngliche Staatsb\u00fcrgerschaft &#8222;grunds\u00e4tzlich&#8220; aufgegeben werden muss. Es ist nun m\u00f6glich, die bisherige Staatsb\u00fcrgerschaft auch in Zukunft zu behalten. K\u00fcnftig verzichtet die Bundesregierung auf die Aufgabe der bisherigen Staatsangeh\u00f6rigkeit, so dass neben der deutschen Staatsangeh\u00f6rigkeit auch eine andere Staatsangeh\u00f6rigkeit angenommen werden kann. Voraussetzung hierf\u00fcr ist jedoch, dass auch das in dem Land der bisherigen Staatsb\u00fcrgerschaft eine doppelte Staatsb\u00fcrgerschaft erlaubt ist.<\/li>\n<li><strong>Gastarbeiter:<\/strong> Wer als Gastarbeiter oder als Vertragsarbeiter in der DDR in die Bundesrepublik gekommen ist, muss f\u00fcr die Einb\u00fcrgerung nur noch m\u00fcndliche Deutschkenntnisse nachweisen und keinen Einb\u00fcrgerungstest mehr ablegen.<\/li>\n<\/ul>\n<p>&nbsp;<\/p>\n<h3>2. Vorteile der deutschen Staatsb\u00fcrgerschaft<\/h3>\n<ul>\n<li><strong>Wahlrecht<\/strong>: Als deutscher Staatsb\u00fcrger k\u00f6nnen Sie die Politik in Deutschland mitgestalten, indem Sie aktiv w\u00e4hlen.<\/li>\n<li><strong>Zugang zu allen Berufen<\/strong>: Als deutsche Staatsb\u00fcrgerin bzw. deutscher Staatsb\u00fcrger d\u00fcrfen Sie Ihren Beruf frei ausw\u00e4hlen. Der von Ihnen gew\u00e4hlte Beruf ist nicht mehr von Ihrem Aufenthaltstitel abh\u00e4ngig. Sie k\u00f6nnen zum Beispiel bei der Polizei, als Lehrer, Richter oder Staatsanwalt arbeiten.<\/li>\n<li><strong>Lebenslanges sicheres Aufenthaltsrecht<\/strong>: Als deutscher Staatsb\u00fcrger erhalten Sie einen lebenslang gesicherten Aufenthaltsstatus in Deutschland, ohne eine Genehmigung der Ausl\u00e4nderbeh\u00f6rde einholen zu m\u00fcssen. Zudem k\u00f6nnen Sie auch in allen Mitgliedstaaten der EU arbeiten, ohne eine zus\u00e4tzliche Aufenthaltserlaubnis beantragen zu m\u00fcssen.<\/li>\n<li><strong>Reisefreiheit<\/strong>: Als deutsche Staatsb\u00fcrgerin oder deutscher Staatsb\u00fcrger k\u00f6nnen Sie ohne Visum in 189 L\u00e4nder reisen (Stand: Januar 2021). Diesen Vorteil bietet Ihnen kaum eine andere Staatsangeh\u00f6rigkeit dieser Welt.<\/li>\n<li><strong>Staatlicher Schutz<\/strong>: Als deutscher Staatsb\u00fcrger sind Sie vor Abschiebung oder Auslieferung in ein anderes Land gesch\u00fctzt. Im Ausland sind zus\u00e4tzlich die deutschen Botschaften f\u00fcr Sie zust\u00e4ndig und bieten Ihnen Schutz.<\/li>\n<\/ul>\n<p>&nbsp;<\/p>\n<h3>3. Voraussetzungen<\/h3>\n<ul>\n<li>Unbefristetes oder <strong>dauerhaftes Aufenthaltsrecht<\/strong> zum Zeitpunkt der Einb\u00fcrgerung (in der Regel 3 bis 5 Jahre)<\/li>\n<li><strong>Gekl\u00e4rte Identit\u00e4t<\/strong> und Staatsangeh\u00f6rigkeit<\/li>\n<li><strong>Bekenntnis<\/strong> zur freiheitlich-demokratischen Grundordnung des Grundgesetzes<\/li>\n<li><strong>Kenntnisse der deutschen Sprache<\/strong> in Wort und Schrift<\/li>\n<li>Nachweis von Kenntnissen \u00fcber die Rechts- und Gesellschaftsordnung und die Lebensverh\u00e4ltnisse in Deutschland<strong>(Einb\u00fcrgerungstest<\/strong>)<\/li>\n<li>Unabh\u00e4ngige<strong>(finanzielle<\/strong>) Mittel zur Bestreitung des Lebensunterhalts f\u00fcr Sie und Ihre Angeh\u00f6rigen<\/li>\n<li><strong>Keine<\/strong> Verurteilung wegen einer <strong>Straftat<\/strong><\/li>\n<\/ul>\n<p>&nbsp;<\/p>\n<h3>4. Verfahren<\/h3>\n<ul>\n<li>Anforderungen pr\u00fcfen (wir unterst\u00fctzen Sie dabei)<\/li>\n<li>Dokumente vorbereiten (wir unterst\u00fctzen Sie dabei)<\/li>\n<li>Antrag auf Einb\u00fcrgerung (wir unterst\u00fctzen Sie dabei)<\/li>\n<li>Bewerbungsunterlagen zusenden (wir unterst\u00fctzen Sie dabei)<\/li>\n<\/ul>\n<p>&nbsp;<\/p>\n<h3>5. Kosten<\/h3>\n<p>Die staatliche Geb\u00fchr f\u00fcr die Einb\u00fcrgerung betr\u00e4gt 255,00 EUR f\u00fcr Erwachsene und 51,00 EUR f\u00fcr minderj\u00e4hrige Kinder, die zusammen mit ihren Eltern eingeb\u00fcrgert werden.<\/p>\n<p>Anders als viele Rechtsanwaltskanzleien wollen wir kein Stundenhonorar mit unseren Kunden vereinbaren, um diese vor hohen Kosten abzusichern, sondern setzen vielmehr auf einen Fixpreis. Die Kosten f\u00fcr unseren Auftrag belaufen sich auf EUR 1.499,00 (brutto). Nach unserer Kenntnis ist dies derzeit der g\u00fcnstigste Preis.<\/p>\n<p>&nbsp;<\/p>\n<h3>6. VISALABS: Unterst\u00fctzung bei der Einb\u00fcrgerung \/ Erlangung der deutschen Staatsangeh\u00f6rigkeit<\/h3>\n<p>Das Staatsangeh\u00f6rigkeitsrecht hat sich in den letzten Jahren erheblich weiterentwickelt. Die Gesetzes\u00e4nderung soll die Einb\u00fcrgerung in Deutschland durch den Erwerb der deutschen Staatsangeh\u00f6rigkeit vereinfachen. Dazu geh\u00f6rt auch die M\u00f6glichkeit, neben der deutschen Staatsangeh\u00f6rigkeit die bisherige ausl\u00e4ndische Staatsangeh\u00f6rigkeit zu behalten (doppelte Staatsangeh\u00f6rigkeit). Visalabs hat bereits zahlreiche Verfahren zur Einb\u00fcrgerung in Deutschland und zur Erlangung der deutschen Staatsangeh\u00f6rigkeit durchgef\u00fchrt. Bislang haben wir alle unsere Kunden erfolgreich bei der Erlangung der deutschen Staatsb\u00fcrgerschaft unterst\u00fctzt. Dank unserer langj\u00e4hrigen Erfahrung auf dem Gebiet des Aufenthalts- und Staatsangeh\u00f6rigkeitsrechts k\u00f6nnen wir auch Sie bei der Erlangung der deutschen Staatsangeh\u00f6rigkeit unterst\u00fctzen. Dank unseres intuitiven Antragsportals sind wir in der Lage, die Antragsunterlagen f\u00fcr die Einb\u00fcrgerung in Deutschland in k\u00fcrzester Zeit zu sammeln. Sobald wir alle Unterlagen erhalten haben, pr\u00fcfen unsere auf die Einb\u00fcrgerung in Deutschland spezialisierten Anw\u00e4lte Ihren Antrag. Sollte es noch Fragen geben, werden wir uns umgehend mit Ihnen in Verbindung setzen, um eine L\u00f6sung zu finden. Wenn Sie w\u00e4hrend des Verfahrens Fragen zur Einb\u00fcrgerung in Deutschland oder zur Erlangung der deutschen Staatsb\u00fcrgerschaft haben, stehen Ihnen unsere Anw\u00e4lte jederzeit gerne zur Verf\u00fcgung. Hierf\u00fcr fallen keine zus\u00e4tzlichen Kosten an. Wir k\u00fcmmern uns um alle notwendigen Schritte, damit das Antragsverfahren schnell und reibungslos abgeschlossen werden kann. Sollte es Probleme mit der Einb\u00fcrgerungsbeh\u00f6rde in Deutschland geben, werden wir uns f\u00fcr Sie darum k\u00fcmmern. Wenn Sie an der deutschen Staatsb\u00fcrgerschaft interessiert sind, k\u00f6nnen Sie uns jederzeit f\u00fcr ein kostenloses pers\u00f6nliches Beratungsgespr\u00e4ch kontaktieren. Unsere Anw\u00e4lte beantworten Ihnen jederzeit gerne alle Fragen zur Einb\u00fcrgerung in Deutschland.<\/p>\n<p>&nbsp;<\/p>\n<p>Gerne unterst\u00fctzen wir Sie bei den erforderlichen Schritten und lassen Ihnen hierzu alle erforderlichen Informationen zukommen. In einem kostenlosen Erstgespr\u00e4ch k\u00f6nnen wir pr\u00fcfen, ob alle Voraussetzungen erf\u00fcllt sind.<\/p>\n<p><strong><em><a href=\"https:\/\/visaforgermany.de\/de\/kontakt\/\">Kontaktieren Sie uns.<\/a><\/em><\/strong>[\/vc_column_text][\/vc_column][vc_column width=&#8220;1\/6&#8243;][\/vc_column][\/vc_row][vc_row][vc_column][vc_empty_space height=&#8220;50px&#8220;][vc_btn title=&#8220;DATENSCHUTZ&#8220; size=&#8220;xs&#8220; link=&#8220;url:https%3A%2F%2Fvisaforgermany.de%2Fde%2Fdatenschutz%2F|&#8220;][vc_btn title=&#8220;IMPRESSUM&#8220; size=&#8220;xs&#8220; link=&#8220;url:https%3A%2F%2Fvisaforgermany.de%2Fde%2Fimpressum%2F|&#8220;][\/vc_column][\/vc_row]<\/p>\n<\/section>","protected":false},"excerpt":{"rendered":"<p>[vc_row][vc_column][vc_empty_space height=&#8220;50px&#8220;][\/vc_column][\/vc_row][vc_row][vc_column][vc_single_image image=&#8220;2301&#8243; img_size=&#8220;1000&#215;600&#8243; alignment=&#8220;center&#8220; style=&#8220;vc_box_shadow_border&#8220; css_animation=&#8220;none&#8220;][\/vc_column][\/vc_row][vc_row][vc_column][vc_empty_space height=&#8220;50px&#8220;][\/vc_column][\/vc_row][vc_row][vc_column width=&#8220;1\/6&#8243;][\/vc_column][vc_column width=&#8220;2\/3&#8243;][vc_column_text]Sie leben in Deutschland und wollen die deutsche Staatsb\u00fcrgerschaft erhalten? Erfahren Sie hier, welche Voraussetzungen Sie f\u00fcr die Einb\u00fcrgerung in Deutschland erf\u00fcllen m\u00fcssen und welche Vorteile die deutsche Staatsb\u00fcrgerschaft mit sich bringt. Menschen k\u00f6nnen seit dem 2. Februar 2024 in Deutschland schneller eingeb\u00fcrgert werden und unter [&hellip;]<\/p>\n","protected":false},"author":1,"featured_media":0,"parent":0,"menu_order":0,"comment_status":"closed","ping_status":"closed","template":"page.php","meta":{"footnotes":""},"class_list":["post-2538","page","type-page","status-publish","hentry"],"_links":{"self":[{"href":"https:\/\/visaforgermany.de\/de\/wp-json\/wp\/v2\/pages\/2538","targetHints":{"allow":["GET"]}}],"collection":[{"href":"https:\/\/visaforgermany.de\/de\/wp-json\/wp\/v2\/pages"}],"about":[{"href":"https:\/\/visaforgermany.de\/de\/wp-json\/wp\/v2\/types\/page"}],"author":[{"embeddable":true,"href":"https:\/\/visaforgermany.de\/de\/wp-json\/wp\/v2\/users\/1"}],"replies":[{"embeddable":true,"href":"https:\/\/visaforgermany.de\/de\/wp-json\/wp\/v2\/comments?post=2538"}],"version-history":[{"count":33,"href":"https:\/\/visaforgermany.de\/de\/wp-json\/wp\/v2\/pages\/2538\/revisions"}],"predecessor-version":[{"id":3007,"href":"https:\/\/visaforgermany.de\/de\/wp-json\/wp\/v2\/pages\/2538\/revisions\/3007"}],"wp:attachment":[{"href":"https:\/\/visaforgermany.de\/de\/wp-json\/wp\/v2\/media?parent=2538"}],"curies":[{"name":"wp","href":"https:\/\/api.w.org\/{rel}","templated":true}]}}